{"id":355,"date":"2025-10-27T10:26:41","date_gmt":"2025-10-27T10:26:41","guid":{"rendered":"https:\/\/www.testevita.com\/wiwm\/?page_id=355"},"modified":"2025-10-30T12:36:03","modified_gmt":"2025-10-30T12:36:03","slug":"siebert-sports","status":"publish","type":"page","link":"https:\/\/regiotaler.at\/index.php\/siebert-sports\/","title":{"rendered":"Siebert Sports"},"content":{"rendered":"\t\t<div data-elementor-type=\"wp-page\" data-elementor-id=\"355\" class=\"elementor elementor-355\" data-elementor-post-type=\"page\">\n\t\t\t\t<div class=\"elementor-element elementor-element-324549b e-flex e-con-boxed e-con e-parent\" data-id=\"324549b\" data-element_type=\"container\" data-settings=\"{&quot;background_background&quot;:&quot;classic&quot;}\">\n\t\t\t\t\t<div class=\"e-con-inner\">\n\t\t<div class=\"elementor-element elementor-element-278984a7 e-con-full e-flex e-con e-child\" data-id=\"278984a7\" data-element_type=\"container\">\n\t\t\t\t<div class=\"elementor-element elementor-element-11c50fde elementor-widget elementor-widget-image\" data-id=\"11c50fde\" data-element_type=\"widget\" data-widget_type=\"image.default\">\n\t\t\t\t\t\t\t\t\t\t\t\t\t\t\t<img decoding=\"async\" width=\"88\" height=\"90\" src=\"https:\/\/regiotaler.at\/wp-content\/uploads\/2025\/10\/Siebert_Logo_CMYK_UnterzeileSincecolor-Kopie-86h.webp\" class=\"attachment-full size-full wp-image-359\" alt=\"\" \/>\t\t\t\t\t\t\t\t\t\t\t\t\t\t\t<\/div>\n\t\t\t\t<div class=\"elementor-element elementor-element-7c29970c elementor-absolute elementor-hidden-tablet elementor-hidden-mobile elementor-invisible elementor-widget elementor-widget-image\" data-id=\"7c29970c\" data-element_type=\"widget\" data-settings=\"{&quot;_position&quot;:&quot;absolute&quot;,&quot;_animation&quot;:&quot;fadeInUp&quot;}\" data-widget_type=\"image.default\">\n\t\t\t\t\t\t\t\t\t\t\t\t\t\t\t<img fetchpriority=\"high\" decoding=\"async\" width=\"2560\" height=\"1420\" src=\"https:\/\/regiotaler.at\/wp-content\/uploads\/2025\/10\/19009_Siebert-17-von-28-scaled.jpg\" class=\"attachment-full size-full wp-image-358\" alt=\"\" srcset=\"https:\/\/regiotaler.at\/wp-content\/uploads\/2025\/10\/19009_Siebert-17-von-28-scaled.jpg 2560w, https:\/\/regiotaler.at\/wp-content\/uploads\/2025\/10\/19009_Siebert-17-von-28-300x166.jpg 300w, https:\/\/regiotaler.at\/wp-content\/uploads\/2025\/10\/19009_Siebert-17-von-28-1024x568.jpg 1024w, https:\/\/regiotaler.at\/wp-content\/uploads\/2025\/10\/19009_Siebert-17-von-28-768x426.jpg 768w, https:\/\/regiotaler.at\/wp-content\/uploads\/2025\/10\/19009_Siebert-17-von-28-1536x852.jpg 1536w, https:\/\/regiotaler.at\/wp-content\/uploads\/2025\/10\/19009_Siebert-17-von-28-2048x1136.jpg 2048w\" sizes=\"(max-width: 2560px) 100vw, 2560px\" \/>\t\t\t\t\t\t\t\t\t\t\t\t\t\t\t<\/div>\n\t\t\t\t<\/div>\n\t\t<div class=\"elementor-element elementor-element-7ebf4b7c e-con-full e-flex e-con e-child\" data-id=\"7ebf4b7c\" data-element_type=\"container\">\n\t\t\t\t<div class=\"elementor-element elementor-element-42ff039c elementor-invisible elementor-widget elementor-widget-heading\" data-id=\"42ff039c\" data-element_type=\"widget\" data-settings=\"{&quot;_animation&quot;:&quot;fadeInUp&quot;}\" data-widget_type=\"heading.default\">\n\t\t\t\t\t<h6 class=\"elementor-heading-title elementor-size-default\">G\u00f6tzens<\/h6>\t\t\t\t<\/div>\n\t\t\t\t<div class=\"elementor-element elementor-element-5bd3d90d elementor-invisible elementor-widget elementor-widget-heading\" data-id=\"5bd3d90d\" data-element_type=\"widget\" data-settings=\"{&quot;_animation&quot;:&quot;fadeInUp&quot;,&quot;_animation_delay&quot;:70}\" data-widget_type=\"heading.default\">\n\t\t\t\t\t<h2 class=\"elementor-heading-title elementor-size-default\">Siebert Sports<\/h2>\t\t\t\t<\/div>\n\t\t\t\t<div class=\"elementor-element elementor-element-5573f708 elementor-invisible elementor-widget elementor-widget-text-editor\" data-id=\"5573f708\" data-element_type=\"widget\" data-settings=\"{&quot;_animation&quot;:&quot;fadeInUp&quot;,&quot;_animation_delay&quot;:140}\" data-widget_type=\"text-editor.default\">\n\t\t\t\t\t\t\t\t\t<p class=\"p1\">Seit rund 50 Jahren ist Siebert Sports in Tirol Ihr professioneller Ansprechpartner f\u00fcr das passende Spezial-Schuhwerk f\u00fcr Ihre Abenteuer. Die F\u00fc\u00dfe tragen uns \u00fcberall hin, nehmen jede Herausforderung an und sorgen f\u00fcr das perfekte Gleichgewicht sowie die Work-Life-Balance unseres K\u00f6rpers \u2013 mit den richtigen Schuhen!<\/p>\t\t\t\t\t\t\t\t<\/div>\n\t\t\t\t<div class=\"elementor-element elementor-element-59d6071e elementor-icon-list--layout-traditional elementor-list-item-link-full_width elementor-invisible elementor-widget elementor-widget-icon-list\" data-id=\"59d6071e\" data-element_type=\"widget\" data-settings=\"{&quot;_animation&quot;:&quot;fadeInUp&quot;,&quot;_animation_delay&quot;:160}\" data-widget_type=\"icon-list.default\">\n\t\t\t\t\t\t\t<ul class=\"elementor-icon-list-items\">\n\t\t\t\t\t\t\t<li class=\"elementor-icon-list-item\">\n\t\t\t\t\t\t\t\t\t\t\t<span class=\"elementor-icon-list-icon\">\n\t\t\t\t\t\t\t<svg aria-hidden=\"true\" class=\"e-font-icon-svg e-fas-check\" viewBox=\"0 0 512 512\" xmlns=\"http:\/\/www.w3.org\/2000\/svg\"><path d=\"M173.898 439.404l-166.4-166.4c-9.997-9.997-9.997-26.206 0-36.204l36.203-36.204c9.997-9.998 26.207-9.998 36.204 0L192 312.69 432.095 72.596c9.997-9.997 26.207-9.997 36.204 0l36.203 36.204c9.997 9.997 9.997 26.206 0 36.204l-294.4 294.401c-9.998 9.997-26.207 9.997-36.204-.001z\"><\/path><\/svg>\t\t\t\t\t\t<\/span>\n\t\t\t\t\t\t\t\t\t\t<span class=\"elementor-icon-list-text\">Besonderheiten &amp; Features<\/span>\n\t\t\t\t\t\t\t\t\t<\/li>\n\t\t\t\t\t\t<\/ul>\n\t\t\t\t\t\t<\/div>\n\t\t\t\t<div class=\"elementor-element elementor-element-41ade7d1 elementor-invisible elementor-widget elementor-widget-text-editor\" data-id=\"41ade7d1\" data-element_type=\"widget\" data-settings=\"{&quot;_animation&quot;:&quot;fadeInUp&quot;,&quot;_animation_delay&quot;:210}\" data-widget_type=\"text-editor.default\">\n\t\t\t\t\t\t\t\t\t<ul><li>Barrierefreier Zugang<span class=\"Apple-converted-space\">\u00a0<\/span><\/li><li><p>Parkm\u00f6glichkeiten vor dem Haus<span class=\"Apple-converted-space\">\u00a0<\/span><\/p><\/li><li><p>Kartenzahlung m\u00f6glich<\/p><\/li><li><p>Montag &#8211; Freitag von 09:00 bis 12:00 Uhr und 15:00 bis 18:00 Uhr\u00a0<\/p><\/li><li>Mittwoch: geschlossen<\/li><li>Samstag von 09:00 bis 12:00 Uhr\u00a0<\/li><\/ul>\t\t\t\t\t\t\t\t<\/div>\n\t\t\t\t<\/div>\n\t\t\t\t\t<\/div>\n\t\t\t\t<\/div>\n\t\t<div class=\"elementor-element elementor-element-71804220 e-con-full e-flex e-con e-parent\" data-id=\"71804220\" data-element_type=\"container\">\n\t\t<div class=\"elementor-element elementor-element-2a748eac e-con-full e-flex elementor-invisible e-con e-child\" data-id=\"2a748eac\" data-element_type=\"container\" data-settings=\"{&quot;background_background&quot;:&quot;classic&quot;,&quot;animation&quot;:&quot;zoomIn&quot;}\">\n\t\t\t\t<div class=\"elementor-element elementor-element-5e534066 elementor-widget elementor-widget-heading\" data-id=\"5e534066\" data-element_type=\"widget\" data-widget_type=\"heading.default\">\n\t\t\t\t\t<h2 class=\"elementor-heading-title elementor-size-default\">Kontakt<\/h2>\t\t\t\t<\/div>\n\t\t\t\t<div class=\"elementor-element elementor-element-f7e055d elementor-align-center elementor-icon-list--layout-traditional elementor-list-item-link-full_width elementor-widget elementor-widget-icon-list\" data-id=\"f7e055d\" data-element_type=\"widget\" data-widget_type=\"icon-list.default\">\n\t\t\t\t\t\t\t<ul class=\"elementor-icon-list-items\">\n\t\t\t\t\t\t\t<li class=\"elementor-icon-list-item\">\n\t\t\t\t\t\t\t\t\t\t\t<span class=\"elementor-icon-list-icon\">\n\t\t\t\t\t\t\t<i aria-hidden=\"true\" class=\"icon icon-location\"><\/i>\t\t\t\t\t\t<\/span>\n\t\t\t\t\t\t\t\t\t\t<span class=\"elementor-icon-list-text\">Kirchstra\u00dfe 17, 6091 G\u00f6tzens<\/span>\n\t\t\t\t\t\t\t\t\t<\/li>\n\t\t\t\t\t\t\t\t<li class=\"elementor-icon-list-item\">\n\t\t\t\t\t\t\t\t\t\t\t<span class=\"elementor-icon-list-icon\">\n\t\t\t\t\t\t\t<i aria-hidden=\"true\" class=\"icon icon-phone-call\"><\/i>\t\t\t\t\t\t<\/span>\n\t\t\t\t\t\t\t\t\t\t<span class=\"elementor-icon-list-text\">+43 680 3326477<\/span>\n\t\t\t\t\t\t\t\t\t<\/li>\n\t\t\t\t\t\t\t\t<li class=\"elementor-icon-list-item\">\n\t\t\t\t\t\t\t\t\t\t\t<span class=\"elementor-icon-list-icon\">\n\t\t\t\t\t\t\t<i aria-hidden=\"true\" class=\"icon icon-envelope11\"><\/i>\t\t\t\t\t\t<\/span>\n\t\t\t\t\t\t\t\t\t\t<span class=\"elementor-icon-list-text\">office@siebertsports.com<\/span>\n\t\t\t\t\t\t\t\t\t<\/li>\n\t\t\t\t\t\t<\/ul>\n\t\t\t\t\t\t<\/div>\n\t\t\t\t<div class=\"elementor-element elementor-element-3c466d88 elementor-align-center elementor-widget elementor-widget-button\" data-id=\"3c466d88\" data-element_type=\"widget\" data-widget_type=\"button.default\">\n\t\t\t\t\t\t\t\t\t\t<a class=\"elementor-button elementor-button-link elementor-size-sm elementor-animation-float\" href=\"http:\/\/www.siebertsports.com\">\n\t\t\t\t\t\t<span class=\"elementor-button-content-wrapper\">\n\t\t\t\t\t\t\t\t\t<span class=\"elementor-button-text\">Zur Website<\/span>\n\t\t\t\t\t<\/span>\n\t\t\t\t\t<\/a>\n\t\t\t\t\t\t\t\t<\/div>\n\t\t\t\t<div class=\"elementor-element elementor-element-64217bc elementor-shape-rounded elementor-grid-0 e-grid-align-center elementor-widget elementor-widget-social-icons\" data-id=\"64217bc\" data-element_type=\"widget\" data-widget_type=\"social-icons.default\">\n\t\t\t\t\t\t\t<div class=\"elementor-social-icons-wrapper elementor-grid\" role=\"list\">\n\t\t\t\t\t\t\t<span class=\"elementor-grid-item\" role=\"listitem\">\n\t\t\t\t\t<a class=\"elementor-icon elementor-social-icon elementor-social-icon-instagram elementor-repeater-item-250602e\" href=\"https:\/\/www.instagram.com\/siebertsports\" target=\"_blank\">\n\t\t\t\t\t\t<span class=\"elementor-screen-only\">Instagram<\/span>\n\t\t\t\t\t\t<svg aria-hidden=\"true\" class=\"e-font-icon-svg e-fab-instagram\" viewBox=\"0 0 448 512\" xmlns=\"http:\/\/www.w3.org\/2000\/svg\"><path d=\"M224.1 141c-63.6 0-114.9 51.3-114.9 114.9s51.3 114.9 114.9 114.9S339 319.5 339 255.9 287.7 141 224.1 141zm0 189.6c-41.1 0-74.7-33.5-74.7-74.7s33.5-74.7 74.7-74.7 74.7 33.5 74.7 74.7-33.6 74.7-74.7 74.7zm146.4-194.3c0 14.9-12 26.8-26.8 26.8-14.9 0-26.8-12-26.8-26.8s12-26.8 26.8-26.8 26.8 12 26.8 26.8zm76.1 27.2c-1.7-35.9-9.9-67.7-36.2-93.9-26.2-26.2-58-34.4-93.9-36.2-37-2.1-147.9-2.1-184.9 0-35.8 1.7-67.6 9.9-93.9 36.1s-34.4 58-36.2 93.9c-2.1 37-2.1 147.9 0 184.9 1.7 35.9 9.9 67.7 36.2 93.9s58 34.4 93.9 36.2c37 2.1 147.9 2.1 184.9 0 35.9-1.7 67.7-9.9 93.9-36.2 26.2-26.2 34.4-58 36.2-93.9 2.1-37 2.1-147.8 0-184.8zM398.8 388c-7.8 19.6-22.9 34.7-42.6 42.6-29.5 11.7-99.5 9-132.1 9s-102.7 2.6-132.1-9c-19.6-7.8-34.7-22.9-42.6-42.6-11.7-29.5-9-99.5-9-132.1s-2.6-102.7 9-132.1c7.8-19.6 22.9-34.7 42.6-42.6 29.5-11.7 99.5-9 132.1-9s102.7-2.6 132.1 9c19.6 7.8 34.7 22.9 42.6 42.6 11.7 29.5 9 99.5 9 132.1s2.7 102.7-9 132.1z\"><\/path><\/svg>\t\t\t\t\t<\/a>\n\t\t\t\t<\/span>\n\t\t\t\t\t\t\t<span class=\"elementor-grid-item\" role=\"listitem\">\n\t\t\t\t\t<a class=\"elementor-icon elementor-social-icon elementor-social-icon-facebook elementor-repeater-item-c4e1009\" href=\"https:\/\/www.facebook.com\/Sportsschuhe\" target=\"_blank\">\n\t\t\t\t\t\t<span class=\"elementor-screen-only\">Facebook<\/span>\n\t\t\t\t\t\t<svg aria-hidden=\"true\" class=\"e-font-icon-svg e-fab-facebook\" viewBox=\"0 0 512 512\" xmlns=\"http:\/\/www.w3.org\/2000\/svg\"><path d=\"M504 256C504 119 393 8 256 8S8 119 8 256c0 123.78 90.69 226.38 209.25 245V327.69h-63V256h63v-54.64c0-62.15 37-96.48 93.67-96.48 27.14 0 55.52 4.84 55.52 4.84v61h-31.28c-30.8 0-40.41 19.12-40.41 38.73V256h68.78l-11 71.69h-57.78V501C413.31 482.38 504 379.78 504 256z\"><\/path><\/svg>\t\t\t\t\t<\/a>\n\t\t\t\t<\/span>\n\t\t\t\t\t<\/div>\n\t\t\t\t\t\t<\/div>\n\t\t\t\t<\/div>\n\t\t<div class=\"elementor-element elementor-element-55f1d9ff e-con-full e-flex elementor-invisible e-con e-child\" data-id=\"55f1d9ff\" data-element_type=\"container\" data-settings=\"{&quot;background_background&quot;:&quot;classic&quot;,&quot;animation&quot;:&quot;zoomIn&quot;,&quot;animation_delay&quot;:150}\">\n\t\t\t\t<div class=\"elementor-element elementor-element-72dc6a95 elementor-widget elementor-widget-heading\" data-id=\"72dc6a95\" data-element_type=\"widget\" data-widget_type=\"heading.default\">\n\t\t\t\t\t<h2 class=\"elementor-heading-title elementor-size-default\">Die Vielfalt der Region entdecken.<\/h2>\t\t\t\t<\/div>\n\t\t\t\t<div class=\"elementor-element elementor-element-21b0514 elementor-widget elementor-widget-text-editor\" data-id=\"21b0514\" data-element_type=\"widget\" data-widget_type=\"text-editor.default\">\n\t\t\t\t\t\t\t\t\t<p>Von Handwerk bis Genuss: Entdecke alle teilnehmenden Unternehmen, bei denen du mit Regiotalern bezahlen kannst.<\/p>\t\t\t\t\t\t\t\t<\/div>\n\t\t\t\t<div class=\"elementor-element elementor-element-644be2f6 elementor-align-center elementor-widget elementor-widget-button\" data-id=\"644be2f6\" data-element_type=\"widget\" data-widget_type=\"button.default\">\n\t\t\t\t\t\t\t\t\t\t<a class=\"elementor-button elementor-button-link elementor-size-sm elementor-animation-float\" href=\"#\">\n\t\t\t\t\t\t<span class=\"elementor-button-content-wrapper\">\n\t\t\t\t\t\t\t\t\t<span class=\"elementor-button-text\">Zum Verzeichnis<\/span>\n\t\t\t\t\t<\/span>\n\t\t\t\t\t<\/a>\n\t\t\t\t\t\t\t\t<\/div>\n\t\t\t\t<\/div>\n\t\t\t\t<\/div>\n\t\t<div class=\"elementor-element elementor-element-81ddc06 e-flex e-con-boxed e-con e-parent\" data-id=\"81ddc06\" data-element_type=\"container\">\n\t\t\t\t\t<div class=\"e-con-inner\">\n\t\t<div class=\"elementor-element elementor-element-5dac9a65 e-con-full e-flex e-con e-child\" data-id=\"5dac9a65\" data-element_type=\"container\">\n\t\t\t\t<div class=\"elementor-element elementor-element-f2463b4 elementor-invisible elementor-widget elementor-widget-heading\" data-id=\"f2463b4\" data-element_type=\"widget\" data-settings=\"{&quot;_animation&quot;:&quot;fadeInUp&quot;}\" data-widget_type=\"heading.default\">\n\t\t\t\t\t<h6 class=\"elementor-heading-title elementor-size-default\">Neuigkeiten<\/h6>\t\t\t\t<\/div>\n\t\t\t\t<div class=\"elementor-element elementor-element-3cbc4f56 elementor-invisible elementor-widget elementor-widget-heading\" data-id=\"3cbc4f56\" data-element_type=\"widget\" data-settings=\"{&quot;_animation&quot;:&quot;fadeInUp&quot;,&quot;_animation_delay&quot;:70}\" data-widget_type=\"heading.default\">\n\t\t\t\t\t<h2 class=\"elementor-heading-title elementor-size-default\">Das ist los in der Region<\/h2>\t\t\t\t<\/div>\n\t\t\t\t<div class=\"elementor-element elementor-element-77f3c22a elementor-invisible elementor-widget elementor-widget-text-editor\" data-id=\"77f3c22a\" data-element_type=\"widget\" data-settings=\"{&quot;_animation&quot;:&quot;fadeInUp&quot;,&quot;_animation_delay&quot;:140}\" data-widget_type=\"text-editor.default\">\n\t\t\t\t\t\t\t\t\t<p>Lorem ipsum dolor sit amet, cibo mundi ea duo, vim exerci phaedrum<\/p>\t\t\t\t\t\t\t\t<\/div>\n\t\t\t\t<\/div>\n\t\t\t\t\t<\/div>\n\t\t\t\t<\/div>\n\t\t<div class=\"elementor-element elementor-element-64d5b85b e-flex e-con-boxed e-con e-parent\" data-id=\"64d5b85b\" data-element_type=\"container\">\n\t\t\t\t\t<div class=\"e-con-inner\">\n\t\t<div class=\"elementor-element elementor-element-cfab042 e-con-full e-flex e-con e-child\" data-id=\"cfab042\" data-element_type=\"container\">\n\t\t\t\t<div class=\"elementor-element elementor-element-63b08a28 elementor-invisible elementor-widget elementor-widget-tfposts\" data-id=\"63b08a28\" data-element_type=\"widget\" data-settings=\"{&quot;_animation&quot;:&quot;fadeInUp&quot;,&quot;_animation_delay&quot;:190}\" data-widget_type=\"tfposts.default\">\n\t\t\t\t<div class=\"elementor-widget-container\">\n\t\t\t\t\t\t\t<div id=\"tf-posts-63b08a28\" class=\"tf-posts-63b08a28 tf-posts-wrap column-3 tablet-column-3 mobile-column-1  no-arrow no-bullets grid-styles-default featured-post-top  \" data-tabid=\"63b08a28\" data-class_id=\"tf-posts-63b08a28\" data-loop=\"\" data-auto=\"\" data-column=\"\" data-column2=\"\" data-column3=\"\" data-spacer=\"\" data-prev_icon=\"\" data-next_icon=\"\" >\t\t\t\r\n\t\t\t<div class=\"tf-posts  grid\">\r\n\t\t\t\t\t\t\t\t\t\t\r\n\t\t\t\t\t\t\t\t<div class=\"column\">\r\n\t\t\t\t\t<div class=\"entry blog-post\">\r\n\t\t\t\t\t\t\t\t\t\t\t\t\t\t\t\t\t\t\t\t\t\t\t\t\t\t\t<div class=\"featured-post\">\r\n\t\t\t\t\t\t\t\t\t\t\t\t\t\t\t\t\t\t\t\t\t\t\t\t\t\t\t\t\t\t\t\t\t\t\t\t<a href=\"https:\/\/regiotaler.at\/index.php\/2025\/10\/16\/hello-world\/\" class=\"overlay\">\r\n\t\t\t\t\t\t\t\t\t\t\t\t\t<i class=\"fas fa-plus\" aria-hidden=\"true\"><\/i>\t\t\t\t\t\t\t\t\t\t\t\t<\/a>\r\n\t\t\t\t\t\t\t\t\t\t\t\t\t\t\t\t\t\t\t\t\t\r\n\t\t\t\t\t\t\t\t\t\t\t<\/div>\r\n\t\t\t\t\t\t\t\t\t\t\t\t\t\t\t\t\t\t\t\t\t\t\r\n\t\t\t\t\t\t\t\t\t\t\t\t\t\t\t\t\t\t\t\t\t\t\t\t\t\t\t\t<div class=\"content\">\r\n\t\t\t\t\t\t\t\t\t\t\t\t\t\t\t\t\t\t\t\t\t\t\t\t\t\t\t\t\t\t\t\t\t<ul class=\"post-meta\">\r\n\t\t\t\t\t\t\t\t\t\t\t\t\t\t\t\t\t\t\t\t\t\t\t\t\t\t<li class=\"post-author\">\r\n\t\t\t\t\t\t\t\t\t\t\t\t\t\t<i class=\"far fa-user-circle\" aria-hidden=\"true\"><\/i>\t\t\t\t\t\t\t\t\t\t\t\t\t\t<a href=\"https:\/\/regiotaler.at\/index.php\/author\/admin\/\">admin<\/a>\r\n\t\t\t\t\t\t\t\t\t\t\t\t\t<\/li>\r\n\t\t\t\t\t\t\t\t\t\t\t\t\t\r\n\t\t\t\t\t\t\t\t\t\t\t\t\t\r\n\t\t\t\t\t\t\t\t\t\t\t\t\t\r\n\t\t\t\t\t\t\t\t\t\t\t\t\t\t\t\t\t\t\t\t\t\t\t\t\t\t<li class=\"post-comments\">\r\n\t\t\t\t\t\t\t\t\t\t\t\t\t\t<i class=\"fas fa-comments\" aria-hidden=\"true\"><\/i>\t\t\t\t\t\t\t\t\t\t\t\t\t\t<a href=\"https:\/\/regiotaler.at\/index.php\/2025\/10\/16\/hello-world\/#comments\">Comment (1)<\/a>\t\t\t\t\t\t\t\t\t\t\t\r\n\t\t\t\t\t\t\t\t\t\t\t\t\t\t<\/li>\r\n\t\t\t\t\t\t\t\t\t\t\t\t\t\t\t\t\t\t\t\t\t\t\t\t\t<\/ul>\r\n\t\t\t\t\t\t\t\t\t\t\t\t\t\t\t\t\t\r\n\t\t\t\t\t\t\t\t\t\t\r\n\t\t\t\t\t\t\t\t\t\t\t\t\t\t\t\t\t\t\t\t\t<h2 class=\"title\"><a href=\"https:\/\/regiotaler.at\/index.php\/2025\/10\/16\/hello-world\/\" title=\"Hello world!\">Hello world!<\/a><\/h2>\r\n\t\t\t\t\t\t\t\t\t\t\r\n\t\t\t\t\t\t\t\t\t\t\t\t\t\t\t\t\t\t\t\t\t\t\t\t\t\t\t\r\n\t\t\t\t\t\t\t\t\t\t\r\n\t\t\t\t\t\t\t\t\t\t\r\n\t\t\t\t\t\t\t\t\t\t\t\t\t\t\t\t\t\t\t\t\t<div class=\"content-post\">Welcome to WordPress. This is your first post. Edit or delete it, then start writing!<\/div>\r\n\t\t\t\t\t\t\t\t\t\t\t\t\t\t\t\t\t\t\t\t\r\n\t\t\t\t\t\t\t\t\t\t\t\t\t\t\t\t\r\n\t\t\t\t\t\t\t\t\t<\/div>\r\n\t\t\t\t\t\t\t\t\t\t\t\t\t\t\t\t\r\n\t\t\t\t\t<\/div>\r\n\t\t\t\t<\/div>\r\n\t\t\t\t\t\t\t\t\t\t\t<\/div>\r\n\t\t\t\t\r\n\t\t\t\t\t<\/div>\r\n\r\n\t\t\t\t\t\t<\/div>\n\t\t\t\t<\/div>\n\t\t\t\t<\/div>\n\t\t\t\t\t<\/div>\n\t\t\t\t<\/div>\n\t\t\t\t<\/div>\n\t\t","protected":false},"excerpt":{"rendered":"<p>G\u00f6tzens Siebert Sports Seit rund 50 Jahren ist Siebert Sports in Tirol Ihr professioneller Ansprechpartner f\u00fcr das passende Spezial-Schuhwerk f\u00fcr Ihre Abenteuer. Die F\u00fc\u00dfe tragen uns \u00fcberall hin, nehmen jede Herausforderung an und sorgen f\u00fcr das perfekte Gleichgewicht sowie die Work-Life-Balance unseres K\u00f6rpers \u2013 mit den richtigen Schuhen! Besonderheiten &amp; Features Barrierefreier Zugang\u00a0 Parkm\u00f6glichkeiten vor [&hellip;]<\/p>\n","protected":false},"author":2,"featured_media":0,"parent":0,"menu_order":0,"comment_status":"closed","ping_status":"closed","template":"elementor_header_footer","meta":{"_acf_changed":false,"footnotes":""},"class_list":["post-355","page","type-page","status-publish","hentry"],"acf":[],"_links":{"self":[{"href":"https:\/\/regiotaler.at\/index.php\/wp-json\/wp\/v2\/pages\/355","targetHints":{"allow":["GET"]}}],"collection":[{"href":"https:\/\/regiotaler.at\/index.php\/wp-json\/wp\/v2\/pages"}],"about":[{"href":"https:\/\/regiotaler.at\/index.php\/wp-json\/wp\/v2\/types\/page"}],"author":[{"embeddable":true,"href":"https:\/\/regiotaler.at\/index.php\/wp-json\/wp\/v2\/users\/2"}],"replies":[{"embeddable":true,"href":"https:\/\/regiotaler.at\/index.php\/wp-json\/wp\/v2\/comments?post=355"}],"version-history":[{"count":7,"href":"https:\/\/regiotaler.at\/index.php\/wp-json\/wp\/v2\/pages\/355\/revisions"}],"predecessor-version":[{"id":524,"href":"https:\/\/regiotaler.at\/index.php\/wp-json\/wp\/v2\/pages\/355\/revisions\/524"}],"wp:attachment":[{"href":"https:\/\/regiotaler.at\/index.php\/wp-json\/wp\/v2\/media?parent=355"}],"curies":[{"name":"wp","href":"https:\/\/api.w.org\/{rel}","templated":true}]}}