{"id":311,"date":"2025-10-27T09:43:16","date_gmt":"2025-10-27T09:43:16","guid":{"rendered":"https:\/\/www.testevita.com\/wiwm\/?page_id=311"},"modified":"2025-11-07T06:37:15","modified_gmt":"2025-11-07T06:37:15","slug":"alp-art-hotel-2","status":"publish","type":"page","link":"https:\/\/regiotaler.at\/index.php\/alp-art-hotel-2\/","title":{"rendered":"Genuss Schupfn"},"content":{"rendered":"\t\t<div data-elementor-type=\"wp-page\" data-elementor-id=\"311\" class=\"elementor elementor-311\" data-elementor-post-type=\"page\">\n\t\t\t\t<div class=\"elementor-element elementor-element-324549b e-flex e-con-boxed e-con e-parent\" data-id=\"324549b\" data-element_type=\"container\" data-settings=\"{&quot;background_background&quot;:&quot;classic&quot;}\">\n\t\t\t\t\t<div class=\"e-con-inner\">\n\t\t<div class=\"elementor-element elementor-element-278984a7 e-con-full e-flex e-con e-child\" data-id=\"278984a7\" data-element_type=\"container\">\n\t\t\t\t<div class=\"elementor-element elementor-element-11c50fde elementor-widget elementor-widget-image\" data-id=\"11c50fde\" data-element_type=\"widget\" data-widget_type=\"image.default\">\n\t\t\t\t\t\t\t\t\t\t\t\t\t\t\t<img fetchpriority=\"high\" decoding=\"async\" width=\"1004\" height=\"650\" src=\"https:\/\/regiotaler.at\/wp-content\/uploads\/2025\/10\/GS_85x55mm.jpg\" class=\"attachment-full size-full wp-image-482\" alt=\"\" srcset=\"https:\/\/regiotaler.at\/wp-content\/uploads\/2025\/10\/GS_85x55mm.jpg 1004w, https:\/\/regiotaler.at\/wp-content\/uploads\/2025\/10\/GS_85x55mm-300x194.jpg 300w, https:\/\/regiotaler.at\/wp-content\/uploads\/2025\/10\/GS_85x55mm-768x497.jpg 768w\" sizes=\"(max-width: 1004px) 100vw, 1004px\" \/>\t\t\t\t\t\t\t\t\t\t\t\t\t\t\t<\/div>\n\t\t\t\t<div class=\"elementor-element elementor-element-7c29970c elementor-absolute elementor-hidden-tablet elementor-hidden-mobile elementor-invisible elementor-widget elementor-widget-image\" data-id=\"7c29970c\" data-element_type=\"widget\" data-settings=\"{&quot;_position&quot;:&quot;absolute&quot;,&quot;_animation&quot;:&quot;fadeInUp&quot;}\" data-widget_type=\"image.default\">\n\t\t\t\t\t\t\t\t\t\t\t\t\t\t\t<img decoding=\"async\" width=\"360\" height=\"242\" src=\"https:\/\/regiotaler.at\/wp-content\/uploads\/2025\/10\/csm_poi-97593512-image_186891886_0b0998a34d.jpg\" class=\"attachment-full size-full wp-image-483\" alt=\"\" srcset=\"https:\/\/regiotaler.at\/wp-content\/uploads\/2025\/10\/csm_poi-97593512-image_186891886_0b0998a34d.jpg 360w, https:\/\/regiotaler.at\/wp-content\/uploads\/2025\/10\/csm_poi-97593512-image_186891886_0b0998a34d-300x202.jpg 300w\" sizes=\"(max-width: 360px) 100vw, 360px\" \/>\t\t\t\t\t\t\t\t\t\t\t\t\t\t\t<\/div>\n\t\t\t\t<\/div>\n\t\t<div class=\"elementor-element elementor-element-7ebf4b7c e-con-full e-flex e-con e-child\" data-id=\"7ebf4b7c\" data-element_type=\"container\">\n\t\t\t\t<div class=\"elementor-element elementor-element-42ff039c elementor-invisible elementor-widget elementor-widget-heading\" data-id=\"42ff039c\" data-element_type=\"widget\" data-settings=\"{&quot;_animation&quot;:&quot;fadeInUp&quot;}\" data-widget_type=\"heading.default\">\n\t\t\t\t\t<h6 class=\"elementor-heading-title elementor-size-default\">G\u00f6tzens<\/h6>\t\t\t\t<\/div>\n\t\t\t\t<div class=\"elementor-element elementor-element-5bd3d90d elementor-invisible elementor-widget elementor-widget-heading\" data-id=\"5bd3d90d\" data-element_type=\"widget\" data-settings=\"{&quot;_animation&quot;:&quot;fadeInUp&quot;,&quot;_animation_delay&quot;:70}\" data-widget_type=\"heading.default\">\n\t\t\t\t\t<h2 class=\"elementor-heading-title elementor-size-default\">Genuss Schupfn<\/h2>\t\t\t\t<\/div>\n\t\t\t\t<div class=\"elementor-element elementor-element-5573f708 elementor-invisible elementor-widget elementor-widget-text-editor\" data-id=\"5573f708\" data-element_type=\"widget\" data-settings=\"{&quot;_animation&quot;:&quot;fadeInUp&quot;,&quot;_animation_delay&quot;:140}\" data-widget_type=\"text-editor.default\">\n\t\t\t\t\t\t\t\t\t<p>Selbstbedienungs &#8211; Bauernladen im Ortszentrum von G\u00f6tzens, verkauf von eigenen Milchprodukten, Eier, Brot, saisonales Gem\u00fcse, Fleischwaren, usw.<\/p>\t\t\t\t\t\t\t\t<\/div>\n\t\t\t\t<div class=\"elementor-element elementor-element-59d6071e elementor-icon-list--layout-traditional elementor-list-item-link-full_width elementor-invisible elementor-widget elementor-widget-icon-list\" data-id=\"59d6071e\" data-element_type=\"widget\" data-settings=\"{&quot;_animation&quot;:&quot;fadeInUp&quot;,&quot;_animation_delay&quot;:160}\" data-widget_type=\"icon-list.default\">\n\t\t\t\t\t\t\t<ul class=\"elementor-icon-list-items\">\n\t\t\t\t\t\t\t<li class=\"elementor-icon-list-item\">\n\t\t\t\t\t\t\t\t\t\t\t<span class=\"elementor-icon-list-icon\">\n\t\t\t\t\t\t\t<svg aria-hidden=\"true\" class=\"e-font-icon-svg e-fas-check\" viewBox=\"0 0 512 512\" xmlns=\"http:\/\/www.w3.org\/2000\/svg\"><path d=\"M173.898 439.404l-166.4-166.4c-9.997-9.997-9.997-26.206 0-36.204l36.203-36.204c9.997-9.998 26.207-9.998 36.204 0L192 312.69 432.095 72.596c9.997-9.997 26.207-9.997 36.204 0l36.203 36.204c9.997 9.997 9.997 26.206 0 36.204l-294.4 294.401c-9.998 9.997-26.207 9.997-36.204-.001z\"><\/path><\/svg>\t\t\t\t\t\t<\/span>\n\t\t\t\t\t\t\t\t\t\t<span class=\"elementor-icon-list-text\">Besonderheiten &amp; Features<\/span>\n\t\t\t\t\t\t\t\t\t<\/li>\n\t\t\t\t\t\t<\/ul>\n\t\t\t\t\t\t<\/div>\n\t\t\t\t<div class=\"elementor-element elementor-element-41ade7d1 elementor-invisible elementor-widget elementor-widget-text-editor\" data-id=\"41ade7d1\" data-element_type=\"widget\" data-settings=\"{&quot;_animation&quot;:&quot;fadeInUp&quot;,&quot;_animation_delay&quot;:210}\" data-widget_type=\"text-editor.default\">\n\t\t\t\t\t\t\t\t\t<ul><li>Barrierefreier Zugang<span class=\"Apple-converted-space\">\u00a0<\/span><\/li><li><p>Produkte aus eigener Herstellung<span class=\"Apple-converted-space\">\u00a0<\/span><\/p><\/li><\/ul>\t\t\t\t\t\t\t\t<\/div>\n\t\t\t\t<\/div>\n\t\t\t\t\t<\/div>\n\t\t\t\t<\/div>\n\t\t<div class=\"elementor-element elementor-element-488363e e-flex e-con-boxed e-con e-parent\" data-id=\"488363e\" data-element_type=\"container\">\n\t\t\t\t\t<div class=\"e-con-inner\">\n\t\t\t\t<div class=\"elementor-element elementor-element-55e836f elementor-widget elementor-widget-spacer\" data-id=\"55e836f\" data-element_type=\"widget\" data-widget_type=\"spacer.default\">\n\t\t\t\t\t\t\t<div class=\"elementor-spacer\">\n\t\t\t<div class=\"elementor-spacer-inner\"><\/div>\n\t\t<\/div>\n\t\t\t\t\t\t<\/div>\n\t\t\t\t\t<\/div>\n\t\t\t\t<\/div>\n\t\t<div class=\"elementor-element elementor-element-71804220 e-con-full e-flex e-con e-parent\" data-id=\"71804220\" data-element_type=\"container\">\n\t\t<div class=\"elementor-element elementor-element-2a748eac e-con-full e-flex elementor-invisible e-con e-child\" data-id=\"2a748eac\" data-element_type=\"container\" data-settings=\"{&quot;background_background&quot;:&quot;classic&quot;,&quot;animation&quot;:&quot;zoomIn&quot;}\">\n\t\t\t\t<div class=\"elementor-element elementor-element-5e534066 elementor-widget elementor-widget-heading\" data-id=\"5e534066\" data-element_type=\"widget\" data-widget_type=\"heading.default\">\n\t\t\t\t\t<h2 class=\"elementor-heading-title elementor-size-default\">Kontakt<\/h2>\t\t\t\t<\/div>\n\t\t\t\t<div class=\"elementor-element elementor-element-f7e055d elementor-align-center elementor-icon-list--layout-traditional elementor-list-item-link-full_width elementor-widget elementor-widget-icon-list\" data-id=\"f7e055d\" data-element_type=\"widget\" data-widget_type=\"icon-list.default\">\n\t\t\t\t\t\t\t<ul class=\"elementor-icon-list-items\">\n\t\t\t\t\t\t\t<li class=\"elementor-icon-list-item\">\n\t\t\t\t\t\t\t\t\t\t\t<span class=\"elementor-icon-list-icon\">\n\t\t\t\t\t\t\t<i aria-hidden=\"true\" class=\"icon icon-location\"><\/i>\t\t\t\t\t\t<\/span>\n\t\t\t\t\t\t\t\t\t\t<span class=\"elementor-icon-list-text\">Otto Neururer Weg 2, G\u00f6tzens<\/span>\n\t\t\t\t\t\t\t\t\t<\/li>\n\t\t\t\t\t\t\t\t<li class=\"elementor-icon-list-item\">\n\t\t\t\t\t\t\t\t\t\t\t<span class=\"elementor-icon-list-icon\">\n\t\t\t\t\t\t\t<i aria-hidden=\"true\" class=\"icon icon-envelope11\"><\/i>\t\t\t\t\t\t<\/span>\n\t\t\t\t\t\t\t\t\t\t<span class=\"elementor-icon-list-text\">info@singer-milch.at<\/span>\n\t\t\t\t\t\t\t\t\t<\/li>\n\t\t\t\t\t\t<\/ul>\n\t\t\t\t\t\t<\/div>\n\t\t\t\t<div class=\"elementor-element elementor-element-3c466d88 elementor-align-center elementor-widget elementor-widget-button\" data-id=\"3c466d88\" data-element_type=\"widget\" data-widget_type=\"button.default\">\n\t\t\t\t\t\t\t\t\t\t<a class=\"elementor-button elementor-button-link elementor-size-sm elementor-animation-float\" href=\"https:\/\/singer-milch.at\/\">\n\t\t\t\t\t\t<span class=\"elementor-button-content-wrapper\">\n\t\t\t\t\t\t\t\t\t<span class=\"elementor-button-text\">Zur Website<\/span>\n\t\t\t\t\t<\/span>\n\t\t\t\t\t<\/a>\n\t\t\t\t\t\t\t\t<\/div>\n\t\t\t\t<\/div>\n\t\t<div class=\"elementor-element elementor-element-55f1d9ff e-con-full e-flex elementor-invisible e-con e-child\" data-id=\"55f1d9ff\" data-element_type=\"container\" data-settings=\"{&quot;background_background&quot;:&quot;classic&quot;,&quot;animation&quot;:&quot;zoomIn&quot;,&quot;animation_delay&quot;:150}\">\n\t\t\t\t<div class=\"elementor-element elementor-element-72dc6a95 elementor-widget elementor-widget-heading\" data-id=\"72dc6a95\" data-element_type=\"widget\" data-widget_type=\"heading.default\">\n\t\t\t\t\t<h2 class=\"elementor-heading-title elementor-size-default\">Die Vielfalt der Region entdecken.<\/h2>\t\t\t\t<\/div>\n\t\t\t\t<div class=\"elementor-element elementor-element-21b0514 elementor-widget elementor-widget-text-editor\" data-id=\"21b0514\" data-element_type=\"widget\" data-widget_type=\"text-editor.default\">\n\t\t\t\t\t\t\t\t\t<p>Von Handwerk bis Genuss: Entdecke alle teilnehmenden Unternehmen, bei denen du mit Regiotalern bezahlen kannst.<\/p>\t\t\t\t\t\t\t\t<\/div>\n\t\t\t\t<div class=\"elementor-element elementor-element-644be2f6 elementor-align-center elementor-widget elementor-widget-button\" data-id=\"644be2f6\" data-element_type=\"widget\" data-widget_type=\"button.default\">\n\t\t\t\t\t\t\t\t\t\t<a class=\"elementor-button elementor-button-link elementor-size-sm elementor-animation-float\" href=\"#\">\n\t\t\t\t\t\t<span class=\"elementor-button-content-wrapper\">\n\t\t\t\t\t\t\t\t\t<span class=\"elementor-button-text\">Zum Verzeichnis<\/span>\n\t\t\t\t\t<\/span>\n\t\t\t\t\t<\/a>\n\t\t\t\t\t\t\t\t<\/div>\n\t\t\t\t<\/div>\n\t\t\t\t<\/div>\n\t\t\t\t<\/div>\n\t\t","protected":false},"excerpt":{"rendered":"<p>G\u00f6tzens Genuss Schupfn Selbstbedienungs &#8211; Bauernladen im Ortszentrum von G\u00f6tzens, verkauf von eigenen Milchprodukten, Eier, Brot, saisonales Gem\u00fcse, Fleischwaren, usw. Besonderheiten &amp; Features Barrierefreier Zugang\u00a0 Produkte aus eigener Herstellung\u00a0 Kontakt Otto Neururer Weg 2, G\u00f6tzens info@singer-milch.at Zur Website Die Vielfalt der Region entdecken. Von Handwerk bis Genuss: Entdecke alle teilnehmenden Unternehmen, bei denen du mit [&hellip;]<\/p>\n","protected":false},"author":2,"featured_media":0,"parent":0,"menu_order":0,"comment_status":"closed","ping_status":"closed","template":"elementor_header_footer","meta":{"_acf_changed":false,"footnotes":""},"class_list":["post-311","page","type-page","status-publish","hentry"],"acf":[],"_links":{"self":[{"href":"https:\/\/regiotaler.at\/index.php\/wp-json\/wp\/v2\/pages\/311","targetHints":{"allow":["GET"]}}],"collection":[{"href":"https:\/\/regiotaler.at\/index.php\/wp-json\/wp\/v2\/pages"}],"about":[{"href":"https:\/\/regiotaler.at\/index.php\/wp-json\/wp\/v2\/types\/page"}],"author":[{"embeddable":true,"href":"https:\/\/regiotaler.at\/index.php\/wp-json\/wp\/v2\/users\/2"}],"replies":[{"embeddable":true,"href":"https:\/\/regiotaler.at\/index.php\/wp-json\/wp\/v2\/comments?post=311"}],"version-history":[{"count":16,"href":"https:\/\/regiotaler.at\/index.php\/wp-json\/wp\/v2\/pages\/311\/revisions"}],"predecessor-version":[{"id":667,"href":"https:\/\/regiotaler.at\/index.php\/wp-json\/wp\/v2\/pages\/311\/revisions\/667"}],"wp:attachment":[{"href":"https:\/\/regiotaler.at\/index.php\/wp-json\/wp\/v2\/media?parent=311"}],"curies":[{"name":"wp","href":"https:\/\/api.w.org\/{rel}","templated":true}]}}