{"id":287,"date":"2025-10-28T15:41:25","date_gmt":"2025-10-28T15:41:25","guid":{"rendered":"https:\/\/www.testevita.com\/wiwm\/?page_id=287"},"modified":"2025-10-30T10:56:32","modified_gmt":"2025-10-30T10:56:32","slug":"elektro-moesl-e-u","status":"publish","type":"page","link":"https:\/\/regiotaler.at\/index.php\/elektro-moesl-e-u\/","title":{"rendered":"Elektro M\u00f6sl e.U."},"content":{"rendered":"\t\t<div data-elementor-type=\"wp-page\" data-elementor-id=\"287\" class=\"elementor elementor-287\" data-elementor-post-type=\"page\">\n\t\t\t\t<div class=\"elementor-element elementor-element-324549b e-flex e-con-boxed e-con e-parent\" data-id=\"324549b\" data-element_type=\"container\" data-settings=\"{&quot;background_background&quot;:&quot;classic&quot;}\">\n\t\t\t\t\t<div class=\"e-con-inner\">\n\t\t<div class=\"elementor-element elementor-element-278984a7 e-con-full e-flex e-con e-child\" data-id=\"278984a7\" data-element_type=\"container\">\n\t\t\t\t<div class=\"elementor-element elementor-element-11c50fde elementor-widget elementor-widget-image\" data-id=\"11c50fde\" data-element_type=\"widget\" data-widget_type=\"image.default\">\n\t\t\t\t\t\t\t\t\t\t\t\t\t\t\t<img fetchpriority=\"high\" decoding=\"async\" width=\"1217\" height=\"1382\" src=\"https:\/\/regiotaler.at\/wp-content\/uploads\/2025\/10\/Logo-Moesl-e.U-2-e1761820768809.jpg\" class=\"attachment-full size-full wp-image-288\" alt=\"\" srcset=\"https:\/\/regiotaler.at\/wp-content\/uploads\/2025\/10\/Logo-Moesl-e.U-2-e1761820768809.jpg 1217w, https:\/\/regiotaler.at\/wp-content\/uploads\/2025\/10\/Logo-Moesl-e.U-2-e1761820768809-264x300.jpg 264w, https:\/\/regiotaler.at\/wp-content\/uploads\/2025\/10\/Logo-Moesl-e.U-2-e1761820768809-902x1024.jpg 902w, https:\/\/regiotaler.at\/wp-content\/uploads\/2025\/10\/Logo-Moesl-e.U-2-e1761820768809-768x872.jpg 768w\" sizes=\"(max-width: 1217px) 100vw, 1217px\" \/>\t\t\t\t\t\t\t\t\t\t\t\t\t\t\t<\/div>\n\t\t\t\t<div class=\"elementor-element elementor-element-7c29970c elementor-absolute elementor-hidden-tablet elementor-hidden-mobile elementor-invisible elementor-widget elementor-widget-image\" data-id=\"7c29970c\" data-element_type=\"widget\" data-settings=\"{&quot;_position&quot;:&quot;absolute&quot;,&quot;_animation&quot;:&quot;fadeInUp&quot;}\" data-widget_type=\"image.default\">\n\t\t\t\t\t\t\t\t\t\t\t\t\t\t\t<img decoding=\"async\" width=\"768\" height=\"495\" src=\"https:\/\/regiotaler.at\/wp-content\/uploads\/2025\/10\/moesl_002-2-e1763043477176.jpg\" class=\"attachment-1536x1536 size-1536x1536 wp-image-290\" alt=\"\" srcset=\"https:\/\/regiotaler.at\/wp-content\/uploads\/2025\/10\/moesl_002-2-e1763043477176.jpg 768w, https:\/\/regiotaler.at\/wp-content\/uploads\/2025\/10\/moesl_002-2-e1763043477176-300x193.jpg 300w\" sizes=\"(max-width: 768px) 100vw, 768px\" \/>\t\t\t\t\t\t\t\t\t\t\t\t\t\t\t<\/div>\n\t\t\t\t<\/div>\n\t\t<div class=\"elementor-element elementor-element-7ebf4b7c e-con-full e-flex e-con e-child\" data-id=\"7ebf4b7c\" data-element_type=\"container\">\n\t\t\t\t<div class=\"elementor-element elementor-element-42ff039c elementor-invisible elementor-widget elementor-widget-heading\" data-id=\"42ff039c\" data-element_type=\"widget\" data-settings=\"{&quot;_animation&quot;:&quot;fadeInUp&quot;}\" data-widget_type=\"heading.default\">\n\t\t\t\t\t<h6 class=\"elementor-heading-title elementor-size-default\">Axams<\/h6>\t\t\t\t<\/div>\n\t\t\t\t<div class=\"elementor-element elementor-element-5bd3d90d elementor-invisible elementor-widget elementor-widget-heading\" data-id=\"5bd3d90d\" data-element_type=\"widget\" data-settings=\"{&quot;_animation&quot;:&quot;fadeInUp&quot;,&quot;_animation_delay&quot;:70}\" data-widget_type=\"heading.default\">\n\t\t\t\t\t<h2 class=\"elementor-heading-title elementor-size-default\">Elektro M\u00f6sl e.U.<\/h2>\t\t\t\t<\/div>\n\t\t\t\t<div class=\"elementor-element elementor-element-5573f708 elementor-invisible elementor-widget elementor-widget-text-editor\" data-id=\"5573f708\" data-element_type=\"widget\" data-settings=\"{&quot;_animation&quot;:&quot;fadeInUp&quot;,&quot;_animation_delay&quot;:140}\" data-widget_type=\"text-editor.default\">\n\t\t\t\t\t\t\t\t\t<p data-start=\"120\" data-end=\"823\">Elektrotechnik Markus M\u00f6sl aus Axams steht seit 2000 f\u00fcr verl\u00e4ssliche Elektroinstallationen in privaten Haushalten, Hausverwaltungen und \u00f6ffentlichen Geb\u00e4uden. Mit pers\u00f6nlicher Betreuung, sorgf\u00e4ltiger Planung und termingerechter Ausf\u00fchrung bietet das Team rund um Markus M\u00f6sl moderne und sichere L\u00f6sungen in den Bereichen Elektroinstallation, Infrarotheizung, EDV-Verkabelung, Antennentechnik, Beleuchtungskonzepte und Photovoltaik mit Speichersystem. Qualit\u00e4t, Kompetenz und schneller Service zeichnen das Unternehmen ebenso aus wie die Leidenschaft f\u00fcr innovative Elektrotechnik.<\/p>\t\t\t\t\t\t\t\t<\/div>\n\t\t\t\t<\/div>\n\t\t\t\t\t<\/div>\n\t\t\t\t<\/div>\n\t\t<div class=\"elementor-element elementor-element-71c0e26 e-flex e-con-boxed e-con e-parent\" data-id=\"71c0e26\" data-element_type=\"container\">\n\t\t\t\t\t<div class=\"e-con-inner\">\n\t\t\t\t<div class=\"elementor-element elementor-element-2e42fe4 elementor-widget elementor-widget-spacer\" data-id=\"2e42fe4\" data-element_type=\"widget\" data-widget_type=\"spacer.default\">\n\t\t\t\t\t\t\t<div class=\"elementor-spacer\">\n\t\t\t<div class=\"elementor-spacer-inner\"><\/div>\n\t\t<\/div>\n\t\t\t\t\t\t<\/div>\n\t\t\t\t\t<\/div>\n\t\t\t\t<\/div>\n\t\t<div class=\"elementor-element elementor-element-71804220 e-con-full e-flex e-con e-parent\" data-id=\"71804220\" data-element_type=\"container\">\n\t\t<div class=\"elementor-element elementor-element-2a748eac e-con-full e-flex elementor-invisible e-con e-child\" data-id=\"2a748eac\" data-element_type=\"container\" data-settings=\"{&quot;background_background&quot;:&quot;classic&quot;,&quot;animation&quot;:&quot;zoomIn&quot;}\">\n\t\t\t\t<div class=\"elementor-element elementor-element-5e534066 elementor-widget elementor-widget-heading\" data-id=\"5e534066\" data-element_type=\"widget\" data-widget_type=\"heading.default\">\n\t\t\t\t\t<h2 class=\"elementor-heading-title elementor-size-default\">Kontakt<\/h2>\t\t\t\t<\/div>\n\t\t\t\t<div class=\"elementor-element elementor-element-f7e055d elementor-align-center elementor-icon-list--layout-traditional elementor-list-item-link-full_width elementor-widget elementor-widget-icon-list\" data-id=\"f7e055d\" data-element_type=\"widget\" data-widget_type=\"icon-list.default\">\n\t\t\t\t\t\t\t<ul class=\"elementor-icon-list-items\">\n\t\t\t\t\t\t\t<li class=\"elementor-icon-list-item\">\n\t\t\t\t\t\t\t\t\t\t\t<span class=\"elementor-icon-list-icon\">\n\t\t\t\t\t\t\t<i aria-hidden=\"true\" class=\"icon icon-location\"><\/i>\t\t\t\t\t\t<\/span>\n\t\t\t\t\t\t\t\t\t\t<span class=\"elementor-icon-list-text\">Gewerbepark 1, 6094 Axams<\/span>\n\t\t\t\t\t\t\t\t\t<\/li>\n\t\t\t\t\t\t\t\t<li class=\"elementor-icon-list-item\">\n\t\t\t\t\t\t\t\t\t\t\t<span class=\"elementor-icon-list-icon\">\n\t\t\t\t\t\t\t<i aria-hidden=\"true\" class=\"icon icon-phone-call\"><\/i>\t\t\t\t\t\t<\/span>\n\t\t\t\t\t\t\t\t\t\t<span class=\"elementor-icon-list-text\">0664 421 36 92<\/span>\n\t\t\t\t\t\t\t\t\t<\/li>\n\t\t\t\t\t\t\t\t<li class=\"elementor-icon-list-item\">\n\t\t\t\t\t\t\t\t\t\t\t<span class=\"elementor-icon-list-icon\">\n\t\t\t\t\t\t\t<i aria-hidden=\"true\" class=\"icon icon-envelope11\"><\/i>\t\t\t\t\t\t<\/span>\n\t\t\t\t\t\t\t\t\t\t<span class=\"elementor-icon-list-text\">markus@elektromoesl.at<\/span>\n\t\t\t\t\t\t\t\t\t<\/li>\n\t\t\t\t\t\t<\/ul>\n\t\t\t\t\t\t<\/div>\n\t\t\t\t<div class=\"elementor-element elementor-element-3c466d88 elementor-align-center elementor-widget elementor-widget-button\" data-id=\"3c466d88\" data-element_type=\"widget\" data-widget_type=\"button.default\">\n\t\t\t\t\t\t\t\t\t\t<a class=\"elementor-button elementor-button-link elementor-size-sm elementor-animation-float\" href=\"http:\/\/www.elektromoesl.at\">\n\t\t\t\t\t\t<span class=\"elementor-button-content-wrapper\">\n\t\t\t\t\t\t\t\t\t<span class=\"elementor-button-text\">Zur Website<\/span>\n\t\t\t\t\t<\/span>\n\t\t\t\t\t<\/a>\n\t\t\t\t\t\t\t\t<\/div>\n\t\t\t\t<\/div>\n\t\t<div class=\"elementor-element elementor-element-55f1d9ff e-con-full e-flex elementor-invisible e-con e-child\" data-id=\"55f1d9ff\" data-element_type=\"container\" data-settings=\"{&quot;background_background&quot;:&quot;classic&quot;,&quot;animation&quot;:&quot;zoomIn&quot;,&quot;animation_delay&quot;:150}\">\n\t\t\t\t<div class=\"elementor-element elementor-element-72dc6a95 elementor-widget elementor-widget-heading\" data-id=\"72dc6a95\" data-element_type=\"widget\" data-widget_type=\"heading.default\">\n\t\t\t\t\t<h2 class=\"elementor-heading-title elementor-size-default\">Die Vielfalt der Region entdecken.<\/h2>\t\t\t\t<\/div>\n\t\t\t\t<div class=\"elementor-element elementor-element-21b0514 elementor-widget elementor-widget-text-editor\" data-id=\"21b0514\" data-element_type=\"widget\" data-widget_type=\"text-editor.default\">\n\t\t\t\t\t\t\t\t\t<p>Von Handwerk bis Genuss: Entdecke alle teilnehmenden Unternehmen, bei denen du mit Regiotalern bezahlen kannst.<\/p>\t\t\t\t\t\t\t\t<\/div>\n\t\t\t\t<div class=\"elementor-element elementor-element-644be2f6 elementor-align-center elementor-widget elementor-widget-button\" data-id=\"644be2f6\" data-element_type=\"widget\" data-widget_type=\"button.default\">\n\t\t\t\t\t\t\t\t\t\t<a class=\"elementor-button elementor-button-link elementor-size-sm elementor-animation-float\" href=\"#\">\n\t\t\t\t\t\t<span class=\"elementor-button-content-wrapper\">\n\t\t\t\t\t\t\t\t\t<span class=\"elementor-button-text\">Zum Verzeichnis<\/span>\n\t\t\t\t\t<\/span>\n\t\t\t\t\t<\/a>\n\t\t\t\t\t\t\t\t<\/div>\n\t\t\t\t<\/div>\n\t\t\t\t<\/div>\n\t\t\t\t<\/div>\n\t\t","protected":false},"excerpt":{"rendered":"<p>Axams Elektro M\u00f6sl e.U. Elektrotechnik Markus M\u00f6sl aus Axams steht seit 2000 f\u00fcr verl\u00e4ssliche Elektroinstallationen in privaten Haushalten, Hausverwaltungen und \u00f6ffentlichen Geb\u00e4uden. Mit pers\u00f6nlicher Betreuung, sorgf\u00e4ltiger Planung und termingerechter Ausf\u00fchrung bietet das Team rund um Markus M\u00f6sl moderne und sichere L\u00f6sungen in den Bereichen Elektroinstallation, Infrarotheizung, EDV-Verkabelung, Antennentechnik, Beleuchtungskonzepte und Photovoltaik mit Speichersystem. Qualit\u00e4t, Kompetenz [&hellip;]<\/p>\n","protected":false},"author":2,"featured_media":0,"parent":0,"menu_order":0,"comment_status":"closed","ping_status":"closed","template":"elementor_header_footer","meta":{"_acf_changed":false,"footnotes":""},"class_list":["post-287","page","type-page","status-publish","hentry"],"acf":[],"_links":{"self":[{"href":"https:\/\/regiotaler.at\/index.php\/wp-json\/wp\/v2\/pages\/287","targetHints":{"allow":["GET"]}}],"collection":[{"href":"https:\/\/regiotaler.at\/index.php\/wp-json\/wp\/v2\/pages"}],"about":[{"href":"https:\/\/regiotaler.at\/index.php\/wp-json\/wp\/v2\/types\/page"}],"author":[{"embeddable":true,"href":"https:\/\/regiotaler.at\/index.php\/wp-json\/wp\/v2\/users\/2"}],"replies":[{"embeddable":true,"href":"https:\/\/regiotaler.at\/index.php\/wp-json\/wp\/v2\/comments?post=287"}],"version-history":[{"count":19,"href":"https:\/\/regiotaler.at\/index.php\/wp-json\/wp\/v2\/pages\/287\/revisions"}],"predecessor-version":[{"id":475,"href":"https:\/\/regiotaler.at\/index.php\/wp-json\/wp\/v2\/pages\/287\/revisions\/475"}],"wp:attachment":[{"href":"https:\/\/regiotaler.at\/index.php\/wp-json\/wp\/v2\/media?parent=287"}],"curies":[{"name":"wp","href":"https:\/\/api.w.org\/{rel}","templated":true}]}}