{"id":1456,"date":"2025-12-22T11:50:07","date_gmt":"2025-12-22T11:50:07","guid":{"rendered":"https:\/\/regiotaler.at\/?page_id=1456"},"modified":"2025-12-22T11:50:07","modified_gmt":"2025-12-22T11:50:07","slug":"datenschutz","status":"publish","type":"page","link":"https:\/\/regiotaler.at\/index.php\/datenschutz\/","title":{"rendered":"Datenschutz"},"content":{"rendered":"\n<h1 class=\"wp-block-heading\">Datenschutzerkl\u00e4rung<\/h1>\n\n\n\n<p>Der Schutz Ihrer pers\u00f6nlichen Daten ist uns ein besonderes Anliegen. Wir verarbeiten Ihre Daten daher ausschlie\u00dflich auf Grundlage der gesetzlichen Bestimmungen (DSGVO, TKG 2003).<br>In dieser Datenschutzerkl\u00e4rung informieren wir Sie \u00fcber die wichtigsten Aspekte der Datenverarbeitung im Rahmen unserer Website.<\/p>\n\n\n\n<hr class=\"wp-block-separator has-alpha-channel-opacity\"\/>\n\n\n\n<h2 class=\"wp-block-heading\">1. Verantwortlicher<\/h2>\n\n\n\n<p><strong>Verein:<\/strong> Wirtschaft im westlichen Mittelgebirge<br><strong>Rechtsform:<\/strong> Verein<br><strong>ZVR-Zahl:<\/strong> 1678483863<br><strong>Vertretungsberechtigter:<\/strong> Walter Mair, Obmann<br><strong>Adresse:<\/strong> Karl-Sch\u00f6nherr-Stra\u00dfe 28, 6094 Axams, \u00d6sterreich<br><strong>Telefon:<\/strong> +43 (0)664 2501179<br><strong>E-Mail:<\/strong> <a>office@regiotaler.at<\/a><\/p>\n\n\n\n<hr class=\"wp-block-separator has-alpha-channel-opacity\"\/>\n\n\n\n<h2 class=\"wp-block-heading\">2. Erhebung und Verarbeitung personenbezogener Daten<\/h2>\n\n\n\n<p>Wir erheben, verarbeiten und nutzen personenbezogene Daten nur dann, wenn Sie uns diese freiwillig mitteilen oder wenn dies gesetzlich erlaubt ist.<\/p>\n\n\n\n<p>Personenbezogene Daten sind alle Informationen, mit denen Sie pers\u00f6nlich identifiziert werden k\u00f6nnen (z. B. Name, E-Mail-Adresse).<\/p>\n\n\n\n<hr class=\"wp-block-separator has-alpha-channel-opacity\"\/>\n\n\n\n<h2 class=\"wp-block-heading\">3. Kontaktaufnahme<\/h2>\n\n\n\n<p>Wenn Sie per E-Mail oder \u00fcber ein Kontaktformular mit uns Kontakt aufnehmen, werden Ihre angegebenen Daten (z. B. Name, E-Mail-Adresse, Inhalt der Anfrage) zwecks Bearbeitung der Anfrage und f\u00fcr den Fall von Anschlussfragen f\u00fcr <strong>sechs Monate<\/strong> bei uns gespeichert.<br>Diese Daten geben wir nicht ohne Ihre Einwilligung weiter.<\/p>\n\n\n\n<p><strong>Rechtsgrundlage:<\/strong> Art. 6 Abs. 1 lit. b DSGVO (vorvertragliche Ma\u00dfnahmen \/ Vertragserf\u00fcllung)<\/p>\n\n\n\n<hr class=\"wp-block-separator has-alpha-channel-opacity\"\/>\n\n\n\n<h2 class=\"wp-block-heading\">4. Zugriffsdaten \/ Server-Logfiles<\/h2>\n\n\n\n<p>Der Hosting-Provider dieser Website erhebt und speichert automatisch Informationen in sogenannten Server-Logfiles, die Ihr Browser automatisch \u00fcbermittelt. Dies sind z. B.:<\/p>\n\n\n\n<ul class=\"wp-block-list\">\n<li>IP-Adresse<\/li>\n\n\n\n<li>Datum und Uhrzeit der Anfrage<\/li>\n\n\n\n<li>Browsertyp und -version<\/li>\n\n\n\n<li>verwendetes Betriebssystem<\/li>\n\n\n\n<li>Referrer URL<\/li>\n<\/ul>\n\n\n\n<p>Diese Daten sind <strong>nicht bestimmten Personen zuordenbar<\/strong> und werden nicht mit anderen Datenquellen zusammengef\u00fchrt.<br>Die Speicherung erfolgt aus Gr\u00fcnden der Systemsicherheit und -stabilit\u00e4t.<\/p>\n\n\n\n<p><strong>Rechtsgrundlage:<\/strong> Art. 6 Abs. 1 lit. f DSGVO (berechtigtes Interesse)<\/p>\n\n\n\n<hr class=\"wp-block-separator has-alpha-channel-opacity\"\/>\n\n\n\n<h2 class=\"wp-block-heading\">5. Cookies<\/h2>\n\n\n\n<p>Unsere Website verwendet gegebenenfalls Cookies. Cookies sind kleine Textdateien, die auf Ihrem Endger\u00e4t gespeichert werden und keinen Schaden anrichten.<\/p>\n\n\n\n<p>Sie dienen dazu, unser Angebot nutzerfreundlicher zu gestalten.<br>Sie k\u00f6nnen Ihren Browser so einrichten, dass Sie \u00fcber das Setzen von Cookies informiert werden und Cookies nur im Einzelfall erlauben oder generell ausschlie\u00dfen.<\/p>\n\n\n\n<p>Bei der Deaktivierung von Cookies kann die Funktionalit\u00e4t dieser Website eingeschr\u00e4nkt sein.<\/p>\n\n\n\n<hr class=\"wp-block-separator has-alpha-channel-opacity\"\/>\n\n\n\n<h2 class=\"wp-block-heading\">6. Einbindung von Inhalten Dritter<\/h2>\n\n\n\n<p>Auf unserer Website k\u00f6nnen Inhalte von Drittanbietern (z. B. Kartenmaterial, eingebettete Videos oder Social-Media-Links) eingebunden sein.<br>Dabei kann es sein, dass diese Anbieter Ihre IP-Adresse wahrnehmen, da ohne diese die Inhalte nicht ausgeliefert werden k\u00f6nnen.<\/p>\n\n\n\n<p>Die Nutzung solcher Inhalte erfolgt im Interesse einer ansprechenden Darstellung unseres Online-Angebots.<\/p>\n\n\n\n<p><strong>Rechtsgrundlage:<\/strong> Art. 6 Abs. 1 lit. f DSGVO<\/p>\n\n\n\n<hr class=\"wp-block-separator has-alpha-channel-opacity\"\/>\n\n\n\n<h2 class=\"wp-block-heading\">7. Ihre Rechte<\/h2>\n\n\n\n<p>Ihnen stehen grunds\u00e4tzlich folgende Rechte zu:<\/p>\n\n\n\n<ul class=\"wp-block-list\">\n<li>Recht auf Auskunft<\/li>\n\n\n\n<li>Recht auf Berichtigung<\/li>\n\n\n\n<li>Recht auf L\u00f6schung<\/li>\n\n\n\n<li>Recht auf Einschr\u00e4nkung der Verarbeitung<\/li>\n\n\n\n<li>Recht auf Daten\u00fcbertragbarkeit<\/li>\n\n\n\n<li>Recht auf Widerruf und Widerspruch<\/li>\n<\/ul>\n\n\n\n<p>Wenn Sie glauben, dass die Verarbeitung Ihrer Daten gegen das Datenschutzrecht verst\u00f6\u00dft oder Ihre datenschutzrechtlichen Anspr\u00fcche verletzt worden sind, k\u00f6nnen Sie sich bei uns oder bei der Datenschutzbeh\u00f6rde beschweren.<\/p>\n\n\n\n<p><strong>\u00d6sterreichische Datenschutzbeh\u00f6rde<\/strong><br>Barichgasse 40\u201342<br>1030 Wien<br><a>www.dsb.gv.at<\/a><\/p>\n\n\n\n<hr class=\"wp-block-separator has-alpha-channel-opacity\"\/>\n\n\n\n<h2 class=\"wp-block-heading\">8. Datensicherheit<\/h2>\n\n\n\n<p>Wir treffen technische und organisatorische Ma\u00dfnahmen, um Ihre personenbezogenen Daten gegen Verlust, Manipulation oder unbefugten Zugriff zu sch\u00fctzen.<\/p>\n\n\n\n<hr class=\"wp-block-separator has-alpha-channel-opacity\"\/>\n\n\n\n<h2 class=\"wp-block-heading\">9. \u00c4nderungen dieser Datenschutzerkl\u00e4rung<\/h2>\n\n\n\n<p>Wir behalten uns vor, diese Datenschutzerkl\u00e4rung bei Bedarf anzupassen, damit sie stets den aktuellen rechtlichen Anforderungen entspricht.<\/p>\n","protected":false},"excerpt":{"rendered":"<p>Datenschutzerkl\u00e4rung Der Schutz Ihrer pers\u00f6nlichen Daten ist uns ein besonderes Anliegen. Wir verarbeiten Ihre Daten daher ausschlie\u00dflich auf Grundlage der gesetzlichen Bestimmungen (DSGVO, TKG 2003).In dieser Datenschutzerkl\u00e4rung informieren wir Sie \u00fcber die wichtigsten Aspekte der Datenverarbeitung im Rahmen unserer Website. 1. Verantwortlicher Verein: Wirtschaft im westlichen MittelgebirgeRechtsform: VereinZVR-Zahl: 1678483863Vertretungsberechtigter: Walter Mair, ObmannAdresse: Karl-Sch\u00f6nherr-Stra\u00dfe 28, 6094 [&hellip;]<\/p>\n","protected":false},"author":1,"featured_media":0,"parent":0,"menu_order":0,"comment_status":"closed","ping_status":"closed","template":"","meta":{"_acf_changed":false,"footnotes":""},"class_list":["post-1456","page","type-page","status-publish","hentry"],"acf":[],"_links":{"self":[{"href":"https:\/\/regiotaler.at\/index.php\/wp-json\/wp\/v2\/pages\/1456","targetHints":{"allow":["GET"]}}],"collection":[{"href":"https:\/\/regiotaler.at\/index.php\/wp-json\/wp\/v2\/pages"}],"about":[{"href":"https:\/\/regiotaler.at\/index.php\/wp-json\/wp\/v2\/types\/page"}],"author":[{"embeddable":true,"href":"https:\/\/regiotaler.at\/index.php\/wp-json\/wp\/v2\/users\/1"}],"replies":[{"embeddable":true,"href":"https:\/\/regiotaler.at\/index.php\/wp-json\/wp\/v2\/comments?post=1456"}],"version-history":[{"count":1,"href":"https:\/\/regiotaler.at\/index.php\/wp-json\/wp\/v2\/pages\/1456\/revisions"}],"predecessor-version":[{"id":1457,"href":"https:\/\/regiotaler.at\/index.php\/wp-json\/wp\/v2\/pages\/1456\/revisions\/1457"}],"wp:attachment":[{"href":"https:\/\/regiotaler.at\/index.php\/wp-json\/wp\/v2\/media?parent=1456"}],"curies":[{"name":"wp","href":"https:\/\/api.w.org\/{rel}","templated":true}]}}