{"id":1180,"date":"2025-12-01T15:43:12","date_gmt":"2025-12-01T15:43:12","guid":{"rendered":"https:\/\/www.testevita.com\/wiwm\/?page_id=1180"},"modified":"2025-12-01T15:54:37","modified_gmt":"2025-12-01T15:54:37","slug":"birgitz-2","status":"publish","type":"page","link":"https:\/\/regiotaler.at\/index.php\/birgitz-2\/","title":{"rendered":"Birgitz"},"content":{"rendered":"\t\t<div data-elementor-type=\"wp-page\" data-elementor-id=\"1180\" class=\"elementor elementor-1180\" data-elementor-post-type=\"page\">\n\t\t\t\t<div class=\"elementor-element elementor-element-1003f87 e-flex e-con-boxed e-con e-parent\" data-id=\"1003f87\" data-element_type=\"container\" data-settings=\"{&quot;background_background&quot;:&quot;slideshow&quot;,&quot;background_slideshow_gallery&quot;:[{&quot;id&quot;:265,&quot;url&quot;:&quot;https:\\\/\\\/regiotaler.at\\\/wp-content\\\/uploads\\\/2025\\\/10\\\/dasMEI.jpg&quot;},{&quot;id&quot;:290,&quot;url&quot;:&quot;https:\\\/\\\/regiotaler.at\\\/wp-content\\\/uploads\\\/2025\\\/10\\\/moesl_002-2.jpg&quot;},{&quot;id&quot;:314,&quot;url&quot;:&quot;https:\\\/\\\/regiotaler.at\\\/wp-content\\\/uploads\\\/2025\\\/10\\\/EVI_7289.jpg&quot;},{&quot;id&quot;:341,&quot;url&quot;:&quot;https:\\\/\\\/regiotaler.at\\\/wp-content\\\/uploads\\\/2025\\\/10\\\/PRO_HQ.jpg&quot;},{&quot;id&quot;:547,&quot;url&quot;:&quot;https:\\\/\\\/regiotaler.at\\\/wp-content\\\/uploads\\\/2025\\\/11\\\/RAIKAMuttersSanierung__msi___jpg.jpg&quot;},{&quot;id&quot;:343,&quot;url&quot;:&quot;https:\\\/\\\/regiotaler.at\\\/wp-content\\\/uploads\\\/2025\\\/10\\\/PRO_Pattern_02.jpg&quot;}],&quot;background_slideshow_slide_duration&quot;:2000,&quot;background_slideshow_transition_duration&quot;:1000,&quot;background_slideshow_lazyload&quot;:&quot;yes&quot;,&quot;background_slideshow_loop&quot;:&quot;yes&quot;,&quot;background_slideshow_slide_transition&quot;:&quot;fade&quot;}\">\n\t\t\t\t\t<div class=\"e-con-inner\">\n\t\t<div class=\"elementor-element elementor-element-647d72c e-con-full e-flex e-con e-child\" data-id=\"647d72c\" data-element_type=\"container\">\n\t\t\t\t<div class=\"elementor-element elementor-element-7472379 elementor-invisible elementor-widget elementor-widget-heading\" data-id=\"7472379\" data-element_type=\"widget\" data-settings=\"{&quot;_animation&quot;:&quot;fadeInUp&quot;,&quot;_animation_delay&quot;:50}\" data-widget_type=\"heading.default\">\n\t\t\t\t\t<h1 class=\"elementor-heading-title elementor-size-default\">PARTNERBETRIEBE<\/h1>\t\t\t\t<\/div>\n\t\t\t\t<\/div>\n\t\t\t\t\t<\/div>\n\t\t\t\t<\/div>\n\t\t<div class=\"elementor-element elementor-element-5283b59 e-flex e-con-boxed e-con e-parent\" data-id=\"5283b59\" data-element_type=\"container\">\n\t\t\t\t\t<div class=\"e-con-inner\">\n\t\t<div class=\"elementor-element elementor-element-55c49e6 e-con-full e-flex e-con e-child\" data-id=\"55c49e6\" data-element_type=\"container\">\n\t\t\t\t<div class=\"elementor-element elementor-element-00d551b elementor-widget elementor-widget-heading\" data-id=\"00d551b\" data-element_type=\"widget\" data-widget_type=\"heading.default\">\n\t\t\t\t\t<h2 class=\"elementor-heading-title elementor-size-default\">Unsere Partnerbetriebe <br> auf einen Blick<\/h2>\t\t\t\t<\/div>\n\t\t\t\t<div class=\"elementor-element elementor-element-62a745f elementor-widget elementor-widget-text-editor\" data-id=\"62a745f\" data-element_type=\"widget\" data-widget_type=\"text-editor.default\">\n\t\t\t\t\t\t\t\t\t<p><strong>Hier findet ihr alle Betriebe, bei denen ihr den Regiotaler einl\u00f6sen k\u00f6nnt. <\/strong><\/p><p><strong>Die Karte zeigt euch \u00fcbersichtlich alle teilnehmenden Standorte in der Region.<\/strong><\/p>\t\t\t\t\t\t\t\t<\/div>\n\t\t\t\t<\/div>\n\t\t\t\t\t<\/div>\n\t\t\t\t<\/div>\n\t\t<div class=\"elementor-element elementor-element-ce3da0d e-flex e-con-boxed e-con e-parent\" data-id=\"ce3da0d\" data-element_type=\"container\">\n\t\t\t\t\t<div class=\"e-con-inner\">\n\t\t<div class=\"elementor-element elementor-element-0279afc e-grid e-con-full e-con e-child\" data-id=\"0279afc\" data-element_type=\"container\">\n\t\t<div class=\"elementor-element elementor-element-40979ce e-con-full e-flex elementor-invisible e-con e-child\" data-id=\"40979ce\" data-element_type=\"container\" data-settings=\"{&quot;background_background&quot;:&quot;classic&quot;,&quot;animation&quot;:&quot;zoomIn&quot;,&quot;animation_delay&quot;:120}\">\n\t\t\t\t<div class=\"elementor-element elementor-element-4b36bc6 elementor-widget elementor-widget-image\" data-id=\"4b36bc6\" data-element_type=\"widget\" data-widget_type=\"image.default\">\n\t\t\t\t\t\t\t\t\t\t\t\t\t\t\t\t<a href=\"https:\/\/regiotaler.at\/index.php\/sgschaeftl\/\">\n\t\t\t\t\t\t\t<img fetchpriority=\"high\" decoding=\"async\" width=\"829\" height=\"593\" src=\"https:\/\/regiotaler.at\/wp-content\/uploads\/2025\/12\/2.jpg\" class=\"attachment-full size-full wp-image-1120\" alt=\"\" srcset=\"https:\/\/regiotaler.at\/wp-content\/uploads\/2025\/12\/2.jpg 829w, https:\/\/regiotaler.at\/wp-content\/uploads\/2025\/12\/2-300x215.jpg 300w, https:\/\/regiotaler.at\/wp-content\/uploads\/2025\/12\/2-768x549.jpg 768w\" sizes=\"(max-width: 829px) 100vw, 829px\" \/>\t\t\t\t\t\t\t\t<\/a>\n\t\t\t\t\t\t\t\t\t\t\t\t\t\t\t<\/div>\n\t\t<div class=\"elementor-element elementor-element-8148731 e-con-full e-flex e-con e-child\" data-id=\"8148731\" data-element_type=\"container\">\n\t\t<div class=\"elementor-element elementor-element-4ee2270 e-con-full e-flex e-con e-child\" data-id=\"4ee2270\" data-element_type=\"container\">\n\t\t\t\t<div class=\"elementor-element elementor-element-81249a9 elementor-align-center elementor-icon-list--layout-traditional elementor-list-item-link-full_width elementor-widget elementor-widget-icon-list\" data-id=\"81249a9\" data-element_type=\"widget\" data-widget_type=\"icon-list.default\">\n\t\t\t\t\t\t\t<ul class=\"elementor-icon-list-items\">\n\t\t\t\t\t\t\t<li class=\"elementor-icon-list-item\">\n\t\t\t\t\t\t\t\t\t\t\t<a href=\"https:\/\/regiotaler.at\/index.php\/sgschaeftl\/\">\n\n\t\t\t\t\t\t\t\t\t\t\t<span class=\"elementor-icon-list-text\">s'Gsch\u00e4ftl<\/span>\n\t\t\t\t\t\t\t\t\t\t\t<\/a>\n\t\t\t\t\t\t\t\t\t<\/li>\n\t\t\t\t\t\t<\/ul>\n\t\t\t\t\t\t<\/div>\n\t\t\t\t<div class=\"elementor-element elementor-element-bc78b8e elementor-widget elementor-widget-heading\" data-id=\"bc78b8e\" data-element_type=\"widget\" data-widget_type=\"heading.default\">\n\t\t\t\t\t<h2 class=\"elementor-heading-title elementor-size-default\"><a href=\"https:\/\/regiotaler.at\/index.php\/sgschaeftl\/\">Birgitz<\/a><\/h2>\t\t\t\t<\/div>\n\t\t\t\t<\/div>\n\t\t\t\t<\/div>\n\t\t\t\t<\/div>\n\t\t\t\t<\/div>\n\t\t\t\t\t<\/div>\n\t\t\t\t<\/div>\n\t\t\t\t<\/div>\n\t\t","protected":false},"excerpt":{"rendered":"<p>PARTNERBETRIEBE Unsere Partnerbetriebe auf einen Blick Hier findet ihr alle Betriebe, bei denen ihr den Regiotaler einl\u00f6sen k\u00f6nnt. Die Karte zeigt euch \u00fcbersichtlich alle teilnehmenden Standorte in der Region. s&#8217;Gsch\u00e4ftl Birgitz<\/p>\n","protected":false},"author":2,"featured_media":0,"parent":0,"menu_order":0,"comment_status":"closed","ping_status":"closed","template":"elementor_header_footer","meta":{"_acf_changed":false,"footnotes":""},"class_list":["post-1180","page","type-page","status-publish","hentry"],"acf":[],"_links":{"self":[{"href":"https:\/\/regiotaler.at\/index.php\/wp-json\/wp\/v2\/pages\/1180","targetHints":{"allow":["GET"]}}],"collection":[{"href":"https:\/\/regiotaler.at\/index.php\/wp-json\/wp\/v2\/pages"}],"about":[{"href":"https:\/\/regiotaler.at\/index.php\/wp-json\/wp\/v2\/types\/page"}],"author":[{"embeddable":true,"href":"https:\/\/regiotaler.at\/index.php\/wp-json\/wp\/v2\/users\/2"}],"replies":[{"embeddable":true,"href":"https:\/\/regiotaler.at\/index.php\/wp-json\/wp\/v2\/comments?post=1180"}],"version-history":[{"count":13,"href":"https:\/\/regiotaler.at\/index.php\/wp-json\/wp\/v2\/pages\/1180\/revisions"}],"predecessor-version":[{"id":1214,"href":"https:\/\/regiotaler.at\/index.php\/wp-json\/wp\/v2\/pages\/1180\/revisions\/1214"}],"wp:attachment":[{"href":"https:\/\/regiotaler.at\/index.php\/wp-json\/wp\/v2\/media?parent=1180"}],"curies":[{"name":"wp","href":"https:\/\/api.w.org\/{rel}","templated":true}]}}