{"id":1118,"date":"2025-12-01T14:52:29","date_gmt":"2025-12-01T14:52:29","guid":{"rendered":"https:\/\/www.testevita.com\/wiwm\/?page_id=1118"},"modified":"2025-12-01T15:02:45","modified_gmt":"2025-12-01T15:02:45","slug":"sgschaeftl","status":"publish","type":"page","link":"https:\/\/regiotaler.at\/index.php\/sgschaeftl\/","title":{"rendered":"s&#8217;Gsch\u00e4ftl"},"content":{"rendered":"\t\t<div data-elementor-type=\"wp-page\" data-elementor-id=\"1118\" class=\"elementor elementor-1118\" data-elementor-post-type=\"page\">\n\t\t\t\t<div class=\"elementor-element elementor-element-324549b e-flex e-con-boxed e-con e-parent\" data-id=\"324549b\" data-element_type=\"container\" data-settings=\"{&quot;background_background&quot;:&quot;classic&quot;}\">\n\t\t\t\t\t<div class=\"e-con-inner\">\n\t\t<div class=\"elementor-element elementor-element-278984a7 e-con-full e-flex e-con e-child\" data-id=\"278984a7\" data-element_type=\"container\">\n\t\t\t\t<div class=\"elementor-element elementor-element-11c50fde elementor-widget elementor-widget-image\" data-id=\"11c50fde\" data-element_type=\"widget\" data-widget_type=\"image.default\">\n\t\t\t\t\t\t\t\t\t\t\t\t\t\t\t<img fetchpriority=\"high\" decoding=\"async\" width=\"829\" height=\"593\" src=\"https:\/\/regiotaler.at\/wp-content\/uploads\/2025\/12\/2.jpg\" class=\"attachment-full size-full wp-image-1120\" alt=\"\" srcset=\"https:\/\/regiotaler.at\/wp-content\/uploads\/2025\/12\/2.jpg 829w, https:\/\/regiotaler.at\/wp-content\/uploads\/2025\/12\/2-300x215.jpg 300w, https:\/\/regiotaler.at\/wp-content\/uploads\/2025\/12\/2-768x549.jpg 768w\" sizes=\"(max-width: 829px) 100vw, 829px\" \/>\t\t\t\t\t\t\t\t\t\t\t\t\t\t\t<\/div>\n\t\t\t\t<\/div>\n\t\t<div class=\"elementor-element elementor-element-7ebf4b7c e-con-full e-flex e-con e-child\" data-id=\"7ebf4b7c\" data-element_type=\"container\">\n\t\t\t\t<div class=\"elementor-element elementor-element-42ff039c elementor-invisible elementor-widget elementor-widget-heading\" data-id=\"42ff039c\" data-element_type=\"widget\" data-settings=\"{&quot;_animation&quot;:&quot;fadeInUp&quot;}\" data-widget_type=\"heading.default\">\n\t\t\t\t\t<h6 class=\"elementor-heading-title elementor-size-default\">Birgitz<\/h6>\t\t\t\t<\/div>\n\t\t\t\t<div class=\"elementor-element elementor-element-5bd3d90d elementor-invisible elementor-widget elementor-widget-heading\" data-id=\"5bd3d90d\" data-element_type=\"widget\" data-settings=\"{&quot;_animation&quot;:&quot;fadeInUp&quot;,&quot;_animation_delay&quot;:70}\" data-widget_type=\"heading.default\">\n\t\t\t\t\t<h2 class=\"elementor-heading-title elementor-size-default\">s'Gsch\u00e4ftl<\/h2>\t\t\t\t<\/div>\n\t\t\t\t<div class=\"elementor-element elementor-element-5573f708 elementor-invisible elementor-widget elementor-widget-text-editor\" data-id=\"5573f708\" data-element_type=\"widget\" data-settings=\"{&quot;_animation&quot;:&quot;fadeInUp&quot;,&quot;_animation_delay&quot;:140}\" data-widget_type=\"text-editor.default\">\n\t\t\t\t\t\t\t\t\t<p>Bei uns findest du eine Auswahl an Produkten des t\u00e4glichen Bedarfs, erg\u00e4nzt durch regionale Spezialit\u00e4ten und liebevoll ausgew\u00e4hlte Lebensmittel. Wir stehen f\u00fcr pers\u00f6nlichen Service, unkomplizierten Einkauf und ein ehrliches Miteinander. Unser Ziel ist es, die Menschen vor Ort zuverl\u00e4ssig zu versorgen und gleichzeitig regionale ProduzentInnen zu unterst\u00fctzen. Schau gern vorbei und entdecke, was wir f\u00fcr dich bereithalten.<\/p>\t\t\t\t\t\t\t\t<\/div>\n\t\t\t\t<\/div>\n\t\t\t\t\t<\/div>\n\t\t\t\t<\/div>\n\t\t<div class=\"elementor-element elementor-element-71804220 e-con-full e-flex e-con e-parent\" data-id=\"71804220\" data-element_type=\"container\">\n\t\t<div class=\"elementor-element elementor-element-2a748eac e-con-full e-flex elementor-invisible e-con e-child\" data-id=\"2a748eac\" data-element_type=\"container\" data-settings=\"{&quot;background_background&quot;:&quot;classic&quot;,&quot;animation&quot;:&quot;zoomIn&quot;}\">\n\t\t\t\t<div class=\"elementor-element elementor-element-5e534066 elementor-widget elementor-widget-heading\" data-id=\"5e534066\" data-element_type=\"widget\" data-widget_type=\"heading.default\">\n\t\t\t\t\t<h2 class=\"elementor-heading-title elementor-size-default\">Kontakt<\/h2>\t\t\t\t<\/div>\n\t\t\t\t<div class=\"elementor-element elementor-element-f7e055d elementor-align-center elementor-icon-list--layout-traditional elementor-list-item-link-full_width elementor-widget elementor-widget-icon-list\" data-id=\"f7e055d\" data-element_type=\"widget\" data-widget_type=\"icon-list.default\">\n\t\t\t\t\t\t\t<ul class=\"elementor-icon-list-items\">\n\t\t\t\t\t\t\t<li class=\"elementor-icon-list-item\">\n\t\t\t\t\t\t\t\t\t\t\t<span class=\"elementor-icon-list-icon\">\n\t\t\t\t\t\t\t<i aria-hidden=\"true\" class=\"icon icon-location\"><\/i>\t\t\t\t\t\t<\/span>\n\t\t\t\t\t\t\t\t\t\t<span class=\"elementor-icon-list-text\">Dorfpl. 4, 6092 Birgitz<\/span>\n\t\t\t\t\t\t\t\t\t<\/li>\n\t\t\t\t\t\t\t\t<li class=\"elementor-icon-list-item\">\n\t\t\t\t\t\t\t\t\t\t\t<span class=\"elementor-icon-list-icon\">\n\t\t\t\t\t\t\t<i aria-hidden=\"true\" class=\"icon icon-phone-call\"><\/i>\t\t\t\t\t\t<\/span>\n\t\t\t\t\t\t\t\t\t\t<span class=\"elementor-icon-list-text\"> +43 650 9432355<\/span>\n\t\t\t\t\t\t\t\t\t<\/li>\n\t\t\t\t\t\t<\/ul>\n\t\t\t\t\t\t<\/div>\n\t\t\t\t<div class=\"elementor-element elementor-element-3c466d88 elementor-align-center elementor-widget elementor-widget-button\" data-id=\"3c466d88\" data-element_type=\"widget\" data-widget_type=\"button.default\">\n\t\t\t\t\t\t\t\t\t\t<a class=\"elementor-button elementor-button-link elementor-size-sm elementor-animation-float\" href=\"https:\/\/www.facebook.com\/people\/SGsch%C3%A4ftl\/100075919364860\/#\">\n\t\t\t\t\t\t<span class=\"elementor-button-content-wrapper\">\n\t\t\t\t\t\t\t\t\t<span class=\"elementor-button-text\">Zur Website<\/span>\n\t\t\t\t\t<\/span>\n\t\t\t\t\t<\/a>\n\t\t\t\t\t\t\t\t<\/div>\n\t\t\t\t<div class=\"elementor-element elementor-element-64217bc elementor-shape-rounded elementor-grid-0 e-grid-align-center elementor-widget elementor-widget-social-icons\" data-id=\"64217bc\" data-element_type=\"widget\" data-widget_type=\"social-icons.default\">\n\t\t\t\t\t\t\t<div class=\"elementor-social-icons-wrapper elementor-grid\">\n\t\t\t\t\t\t\t<span class=\"elementor-grid-item\">\n\t\t\t\t\t<a class=\"elementor-icon elementor-social-icon elementor-social-icon-facebook elementor-repeater-item-20b34b5\" href=\"https:\/\/www.facebook.com\/people\/SGsch%C3%A4ftl\/100075919364860\/#\" target=\"_blank\">\n\t\t\t\t\t\t<span class=\"elementor-screen-only\">Facebook<\/span>\n\t\t\t\t\t\t<svg aria-hidden=\"true\" class=\"e-font-icon-svg e-fab-facebook\" viewBox=\"0 0 512 512\" xmlns=\"http:\/\/www.w3.org\/2000\/svg\"><path d=\"M504 256C504 119 393 8 256 8S8 119 8 256c0 123.78 90.69 226.38 209.25 245V327.69h-63V256h63v-54.64c0-62.15 37-96.48 93.67-96.48 27.14 0 55.52 4.84 55.52 4.84v61h-31.28c-30.8 0-40.41 19.12-40.41 38.73V256h68.78l-11 71.69h-57.78V501C413.31 482.38 504 379.78 504 256z\"><\/path><\/svg>\t\t\t\t\t<\/a>\n\t\t\t\t<\/span>\n\t\t\t\t\t<\/div>\n\t\t\t\t\t\t<\/div>\n\t\t\t\t<\/div>\n\t\t<div class=\"elementor-element elementor-element-55f1d9ff e-con-full e-flex elementor-invisible e-con e-child\" data-id=\"55f1d9ff\" data-element_type=\"container\" data-settings=\"{&quot;background_background&quot;:&quot;classic&quot;,&quot;animation&quot;:&quot;zoomIn&quot;,&quot;animation_delay&quot;:150}\">\n\t\t\t\t<div class=\"elementor-element elementor-element-72dc6a95 elementor-widget elementor-widget-heading\" data-id=\"72dc6a95\" data-element_type=\"widget\" data-widget_type=\"heading.default\">\n\t\t\t\t\t<h2 class=\"elementor-heading-title elementor-size-default\">Die Vielfalt der Region entdecken.<\/h2>\t\t\t\t<\/div>\n\t\t\t\t<div class=\"elementor-element elementor-element-21b0514 elementor-widget elementor-widget-text-editor\" data-id=\"21b0514\" data-element_type=\"widget\" data-widget_type=\"text-editor.default\">\n\t\t\t\t\t\t\t\t\t<p>Von Handwerk bis Genuss: Entdecke alle teilnehmenden Unternehmen, bei denen du mit Regiotalern bezahlen kannst.<\/p>\t\t\t\t\t\t\t\t<\/div>\n\t\t\t\t<div class=\"elementor-element elementor-element-644be2f6 elementor-align-center elementor-widget elementor-widget-button\" data-id=\"644be2f6\" data-element_type=\"widget\" data-widget_type=\"button.default\">\n\t\t\t\t\t\t\t\t\t\t<a class=\"elementor-button elementor-button-link elementor-size-sm elementor-animation-float\" href=\"#\">\n\t\t\t\t\t\t<span class=\"elementor-button-content-wrapper\">\n\t\t\t\t\t\t\t\t\t<span class=\"elementor-button-text\">Zum Verzeichnis<\/span>\n\t\t\t\t\t<\/span>\n\t\t\t\t\t<\/a>\n\t\t\t\t\t\t\t\t<\/div>\n\t\t\t\t<\/div>\n\t\t\t\t<\/div>\n\t\t\t\t<\/div>\n\t\t","protected":false},"excerpt":{"rendered":"<p>Birgitz s&#8217;Gsch\u00e4ftl Bei uns findest du eine Auswahl an Produkten des t\u00e4glichen Bedarfs, erg\u00e4nzt durch regionale Spezialit\u00e4ten und liebevoll ausgew\u00e4hlte Lebensmittel. Wir stehen f\u00fcr pers\u00f6nlichen Service, unkomplizierten Einkauf und ein ehrliches Miteinander. Unser Ziel ist es, die Menschen vor Ort zuverl\u00e4ssig zu versorgen und gleichzeitig regionale ProduzentInnen zu unterst\u00fctzen. Schau gern vorbei und entdecke, was [&hellip;]<\/p>\n","protected":false},"author":2,"featured_media":0,"parent":0,"menu_order":0,"comment_status":"closed","ping_status":"closed","template":"elementor_header_footer","meta":{"_acf_changed":false,"footnotes":""},"class_list":["post-1118","page","type-page","status-publish","hentry"],"acf":[],"_links":{"self":[{"href":"https:\/\/regiotaler.at\/index.php\/wp-json\/wp\/v2\/pages\/1118","targetHints":{"allow":["GET"]}}],"collection":[{"href":"https:\/\/regiotaler.at\/index.php\/wp-json\/wp\/v2\/pages"}],"about":[{"href":"https:\/\/regiotaler.at\/index.php\/wp-json\/wp\/v2\/types\/page"}],"author":[{"embeddable":true,"href":"https:\/\/regiotaler.at\/index.php\/wp-json\/wp\/v2\/users\/2"}],"replies":[{"embeddable":true,"href":"https:\/\/regiotaler.at\/index.php\/wp-json\/wp\/v2\/comments?post=1118"}],"version-history":[{"count":7,"href":"https:\/\/regiotaler.at\/index.php\/wp-json\/wp\/v2\/pages\/1118\/revisions"}],"predecessor-version":[{"id":1126,"href":"https:\/\/regiotaler.at\/index.php\/wp-json\/wp\/v2\/pages\/1118\/revisions\/1126"}],"wp:attachment":[{"href":"https:\/\/regiotaler.at\/index.php\/wp-json\/wp\/v2\/media?parent=1118"}],"curies":[{"name":"wp","href":"https:\/\/api.w.org\/{rel}","templated":true}]}}