{"id":1044,"date":"2025-11-13T15:12:21","date_gmt":"2025-11-13T15:12:21","guid":{"rendered":"https:\/\/www.testevita.com\/wiwm\/?page_id=1044"},"modified":"2025-11-13T15:17:51","modified_gmt":"2025-11-13T15:17:51","slug":"mutters-2","status":"publish","type":"page","link":"https:\/\/regiotaler.at\/index.php\/mutters-2\/","title":{"rendered":"Mutters"},"content":{"rendered":"\t\t<div data-elementor-type=\"wp-page\" data-elementor-id=\"1044\" class=\"elementor elementor-1044\" data-elementor-post-type=\"page\">\n\t\t\t\t<div class=\"elementor-element elementor-element-1003f87 e-flex e-con-boxed e-con e-parent\" data-id=\"1003f87\" data-element_type=\"container\" data-settings=\"{&quot;background_background&quot;:&quot;slideshow&quot;,&quot;background_slideshow_gallery&quot;:[{&quot;id&quot;:265,&quot;url&quot;:&quot;https:\\\/\\\/regiotaler.at\\\/wp-content\\\/uploads\\\/2025\\\/10\\\/dasMEI.jpg&quot;},{&quot;id&quot;:290,&quot;url&quot;:&quot;https:\\\/\\\/regiotaler.at\\\/wp-content\\\/uploads\\\/2025\\\/10\\\/moesl_002-2.jpg&quot;},{&quot;id&quot;:314,&quot;url&quot;:&quot;https:\\\/\\\/regiotaler.at\\\/wp-content\\\/uploads\\\/2025\\\/10\\\/EVI_7289.jpg&quot;},{&quot;id&quot;:341,&quot;url&quot;:&quot;https:\\\/\\\/regiotaler.at\\\/wp-content\\\/uploads\\\/2025\\\/10\\\/PRO_HQ.jpg&quot;},{&quot;id&quot;:547,&quot;url&quot;:&quot;https:\\\/\\\/regiotaler.at\\\/wp-content\\\/uploads\\\/2025\\\/11\\\/RAIKAMuttersSanierung__msi___jpg.jpg&quot;},{&quot;id&quot;:343,&quot;url&quot;:&quot;https:\\\/\\\/regiotaler.at\\\/wp-content\\\/uploads\\\/2025\\\/10\\\/PRO_Pattern_02.jpg&quot;}],&quot;background_slideshow_slide_duration&quot;:2000,&quot;background_slideshow_transition_duration&quot;:1000,&quot;background_slideshow_lazyload&quot;:&quot;yes&quot;,&quot;background_slideshow_loop&quot;:&quot;yes&quot;,&quot;background_slideshow_slide_transition&quot;:&quot;fade&quot;}\">\n\t\t\t\t\t<div class=\"e-con-inner\">\n\t\t<div class=\"elementor-element elementor-element-647d72c e-con-full e-flex e-con e-child\" data-id=\"647d72c\" data-element_type=\"container\">\n\t\t\t\t<div class=\"elementor-element elementor-element-7472379 elementor-invisible elementor-widget elementor-widget-heading\" data-id=\"7472379\" data-element_type=\"widget\" data-settings=\"{&quot;_animation&quot;:&quot;fadeInUp&quot;,&quot;_animation_delay&quot;:50}\" data-widget_type=\"heading.default\">\n\t\t\t\t\t<h1 class=\"elementor-heading-title elementor-size-default\">PARTNERBETRIEBE<\/h1>\t\t\t\t<\/div>\n\t\t\t\t<\/div>\n\t\t\t\t\t<\/div>\n\t\t\t\t<\/div>\n\t\t<div class=\"elementor-element elementor-element-5283b59 e-flex e-con-boxed e-con e-parent\" data-id=\"5283b59\" data-element_type=\"container\">\n\t\t\t\t\t<div class=\"e-con-inner\">\n\t\t<div class=\"elementor-element elementor-element-55c49e6 e-con-full e-flex e-con e-child\" data-id=\"55c49e6\" data-element_type=\"container\">\n\t\t\t\t<div class=\"elementor-element elementor-element-00d551b elementor-widget elementor-widget-heading\" data-id=\"00d551b\" data-element_type=\"widget\" data-widget_type=\"heading.default\">\n\t\t\t\t\t<h2 class=\"elementor-heading-title elementor-size-default\">Unsere Partnerbetriebe <br> auf einen Blick<\/h2>\t\t\t\t<\/div>\n\t\t\t\t<div class=\"elementor-element elementor-element-62a745f elementor-widget elementor-widget-text-editor\" data-id=\"62a745f\" data-element_type=\"widget\" data-widget_type=\"text-editor.default\">\n\t\t\t\t\t\t\t\t\t<p><strong>Hier findet ihr alle Betriebe, bei denen ihr den Regiotaler einl\u00f6sen k\u00f6nnt. <\/strong><\/p><p><strong>Die Karte zeigt euch \u00fcbersichtlich alle teilnehmenden Standorte in der Region.<\/strong><\/p>\t\t\t\t\t\t\t\t<\/div>\n\t\t\t\t<\/div>\n\t\t\t\t\t<\/div>\n\t\t\t\t<\/div>\n\t\t<div class=\"elementor-element elementor-element-ce3da0d e-flex e-con-boxed e-con e-parent\" data-id=\"ce3da0d\" data-element_type=\"container\">\n\t\t\t\t\t<div class=\"e-con-inner\">\n\t\t<div class=\"elementor-element elementor-element-0279afc e-grid e-con-full e-con e-child\" data-id=\"0279afc\" data-element_type=\"container\">\n\t\t<div class=\"elementor-element elementor-element-392998e e-con-full e-flex elementor-invisible e-con e-child\" data-id=\"392998e\" data-element_type=\"container\" data-settings=\"{&quot;background_background&quot;:&quot;classic&quot;,&quot;animation&quot;:&quot;zoomIn&quot;,&quot;animation_delay&quot;:120}\">\n\t\t\t\t<div class=\"elementor-element elementor-element-07ba458 elementor-widget elementor-widget-image\" data-id=\"07ba458\" data-element_type=\"widget\" data-widget_type=\"image.default\">\n\t\t\t\t\t\t\t\t\t\t\t\t\t\t\t<img fetchpriority=\"high\" decoding=\"async\" width=\"1311\" height=\"632\" src=\"https:\/\/regiotaler.at\/wp-content\/uploads\/2025\/10\/Logo-Apotheke-Hl_Nikolaus-4c-oR.jpg\" class=\"attachment-full size-full wp-image-254\" alt=\"\" srcset=\"https:\/\/regiotaler.at\/wp-content\/uploads\/2025\/10\/Logo-Apotheke-Hl_Nikolaus-4c-oR.jpg 1311w, https:\/\/regiotaler.at\/wp-content\/uploads\/2025\/10\/Logo-Apotheke-Hl_Nikolaus-4c-oR-300x145.jpg 300w, https:\/\/regiotaler.at\/wp-content\/uploads\/2025\/10\/Logo-Apotheke-Hl_Nikolaus-4c-oR-1024x494.jpg 1024w, https:\/\/regiotaler.at\/wp-content\/uploads\/2025\/10\/Logo-Apotheke-Hl_Nikolaus-4c-oR-768x370.jpg 768w\" sizes=\"(max-width: 1311px) 100vw, 1311px\" \/>\t\t\t\t\t\t\t\t\t\t\t\t\t\t\t<\/div>\n\t\t<div class=\"elementor-element elementor-element-5135b1f e-con-full e-flex e-con e-child\" data-id=\"5135b1f\" data-element_type=\"container\">\n\t\t<div class=\"elementor-element elementor-element-398ea1a e-con-full e-flex e-con e-child\" data-id=\"398ea1a\" data-element_type=\"container\">\n\t\t\t\t<div class=\"elementor-element elementor-element-eff601b elementor-align-center elementor-icon-list--layout-traditional elementor-list-item-link-full_width elementor-widget elementor-widget-icon-list\" data-id=\"eff601b\" data-element_type=\"widget\" data-widget_type=\"icon-list.default\">\n\t\t\t\t\t\t\t<ul class=\"elementor-icon-list-items\">\n\t\t\t\t\t\t\t<li class=\"elementor-icon-list-item\">\n\t\t\t\t\t\t\t\t\t\t\t<a href=\"https:\/\/regiotaler.at\/index.php\/alp-art-hotel\/\">\n\n\t\t\t\t\t\t\t\t\t\t\t<span class=\"elementor-icon-list-text\">Apotheke zum Hl. Nikolaus<\/span>\n\t\t\t\t\t\t\t\t\t\t\t<\/a>\n\t\t\t\t\t\t\t\t\t<\/li>\n\t\t\t\t\t\t<\/ul>\n\t\t\t\t\t\t<\/div>\n\t\t\t\t<div class=\"elementor-element elementor-element-3d76e47 elementor-widget elementor-widget-heading\" data-id=\"3d76e47\" data-element_type=\"widget\" data-widget_type=\"heading.default\">\n\t\t\t\t\t<h2 class=\"elementor-heading-title elementor-size-default\">Mutters<\/h2>\t\t\t\t<\/div>\n\t\t\t\t<\/div>\n\t\t\t\t<\/div>\n\t\t\t\t<\/div>\n\t\t<div class=\"elementor-element elementor-element-bc2142e e-con-full e-flex elementor-invisible e-con e-child\" data-id=\"bc2142e\" data-element_type=\"container\" data-settings=\"{&quot;background_background&quot;:&quot;classic&quot;,&quot;animation&quot;:&quot;zoomIn&quot;,&quot;animation_delay&quot;:120}\">\n\t\t\t\t<div class=\"elementor-element elementor-element-7bdd94e elementor-widget elementor-widget-image\" data-id=\"7bdd94e\" data-element_type=\"widget\" data-widget_type=\"image.default\">\n\t\t\t\t\t\t\t\t\t\t\t\t\t\t\t<img decoding=\"async\" width=\"2551\" height=\"2040\" src=\"https:\/\/regiotaler.at\/wp-content\/uploads\/2025\/10\/dasMEi_Logo_pos_cmyk.jpg\" class=\"attachment-full size-full wp-image-269\" alt=\"\" srcset=\"https:\/\/regiotaler.at\/wp-content\/uploads\/2025\/10\/dasMEi_Logo_pos_cmyk.jpg 2551w, https:\/\/regiotaler.at\/wp-content\/uploads\/2025\/10\/dasMEi_Logo_pos_cmyk-300x240.jpg 300w, https:\/\/regiotaler.at\/wp-content\/uploads\/2025\/10\/dasMEi_Logo_pos_cmyk-1024x819.jpg 1024w, https:\/\/regiotaler.at\/wp-content\/uploads\/2025\/10\/dasMEi_Logo_pos_cmyk-768x614.jpg 768w, https:\/\/regiotaler.at\/wp-content\/uploads\/2025\/10\/dasMEi_Logo_pos_cmyk-1536x1228.jpg 1536w, https:\/\/regiotaler.at\/wp-content\/uploads\/2025\/10\/dasMEi_Logo_pos_cmyk-2048x1638.jpg 2048w\" sizes=\"(max-width: 2551px) 100vw, 2551px\" \/>\t\t\t\t\t\t\t\t\t\t\t\t\t\t\t<\/div>\n\t\t<div class=\"elementor-element elementor-element-89af6b7 e-con-full e-flex e-con e-child\" data-id=\"89af6b7\" data-element_type=\"container\">\n\t\t<div class=\"elementor-element elementor-element-9dcd964 e-con-full e-flex e-con e-child\" data-id=\"9dcd964\" data-element_type=\"container\">\n\t\t\t\t<div class=\"elementor-element elementor-element-6c08960 elementor-align-center elementor-icon-list--layout-traditional elementor-list-item-link-full_width elementor-widget elementor-widget-icon-list\" data-id=\"6c08960\" data-element_type=\"widget\" data-widget_type=\"icon-list.default\">\n\t\t\t\t\t\t\t<ul class=\"elementor-icon-list-items\">\n\t\t\t\t\t\t\t<li class=\"elementor-icon-list-item\">\n\t\t\t\t\t\t\t\t\t\t\t<a href=\"https:\/\/regiotaler.at\/index.php\/dasmei\/\">\n\n\t\t\t\t\t\t\t\t\t\t\t<span class=\"elementor-icon-list-text\">Hotel \u2013 Restaurant dasMEI****<\/span>\n\t\t\t\t\t\t\t\t\t\t\t<\/a>\n\t\t\t\t\t\t\t\t\t<\/li>\n\t\t\t\t\t\t<\/ul>\n\t\t\t\t\t\t<\/div>\n\t\t\t\t<div class=\"elementor-element elementor-element-21c182a elementor-widget elementor-widget-heading\" data-id=\"21c182a\" data-element_type=\"widget\" data-widget_type=\"heading.default\">\n\t\t\t\t\t<h2 class=\"elementor-heading-title elementor-size-default\">Mutters<\/h2>\t\t\t\t<\/div>\n\t\t\t\t<\/div>\n\t\t\t\t<\/div>\n\t\t\t\t<\/div>\n\t\t<div class=\"elementor-element elementor-element-dee675c e-con-full e-flex elementor-invisible e-con e-child\" data-id=\"dee675c\" data-element_type=\"container\" data-settings=\"{&quot;background_background&quot;:&quot;classic&quot;,&quot;animation&quot;:&quot;zoomIn&quot;,&quot;animation_delay&quot;:120}\">\n\t\t\t\t<div class=\"elementor-element elementor-element-631e339 elementor-widget elementor-widget-image\" data-id=\"631e339\" data-element_type=\"widget\" data-widget_type=\"image.default\">\n\t\t\t\t\t\t\t\t\t\t\t\t\t\t\t<img decoding=\"async\" width=\"655\" height=\"296\" src=\"https:\/\/regiotaler.at\/wp-content\/uploads\/2025\/11\/logo_web.jpg\" class=\"attachment-full size-full wp-image-546\" alt=\"\" srcset=\"https:\/\/regiotaler.at\/wp-content\/uploads\/2025\/11\/logo_web.jpg 655w, https:\/\/regiotaler.at\/wp-content\/uploads\/2025\/11\/logo_web-300x136.jpg 300w\" sizes=\"(max-width: 655px) 100vw, 655px\" \/>\t\t\t\t\t\t\t\t\t\t\t\t\t\t\t<\/div>\n\t\t<div class=\"elementor-element elementor-element-9feb8e9 e-con-full e-flex e-con e-child\" data-id=\"9feb8e9\" data-element_type=\"container\">\n\t\t<div class=\"elementor-element elementor-element-efe7c15 e-con-full e-flex e-con e-child\" data-id=\"efe7c15\" data-element_type=\"container\">\n\t\t\t\t<div class=\"elementor-element elementor-element-86f0801 elementor-align-center elementor-icon-list--layout-traditional elementor-list-item-link-full_width elementor-widget elementor-widget-icon-list\" data-id=\"86f0801\" data-element_type=\"widget\" data-widget_type=\"icon-list.default\">\n\t\t\t\t\t\t\t<ul class=\"elementor-icon-list-items\">\n\t\t\t\t\t\t\t<li class=\"elementor-icon-list-item\">\n\t\t\t\t\t\t\t\t\t\t\t<a href=\"https:\/\/regiotaler.at\/index.php\/ness-bau\/\">\n\n\t\t\t\t\t\t\t\t\t\t\t<span class=\"elementor-icon-list-text\">Ness-Bau Nesimovic Senad<\/span>\n\t\t\t\t\t\t\t\t\t\t\t<\/a>\n\t\t\t\t\t\t\t\t\t<\/li>\n\t\t\t\t\t\t<\/ul>\n\t\t\t\t\t\t<\/div>\n\t\t\t\t<div class=\"elementor-element elementor-element-fd10549 elementor-widget elementor-widget-heading\" data-id=\"fd10549\" data-element_type=\"widget\" data-widget_type=\"heading.default\">\n\t\t\t\t\t<h2 class=\"elementor-heading-title elementor-size-default\">Mutters<\/h2>\t\t\t\t<\/div>\n\t\t\t\t<\/div>\n\t\t\t\t<\/div>\n\t\t\t\t<\/div>\n\t\t\t\t<\/div>\n\t\t\t\t\t<\/div>\n\t\t\t\t<\/div>\n\t\t\t\t<\/div>\n\t\t","protected":false},"excerpt":{"rendered":"<p>PARTNERBETRIEBE Unsere Partnerbetriebe auf einen Blick Hier findet ihr alle Betriebe, bei denen ihr den Regiotaler einl\u00f6sen k\u00f6nnt. Die Karte zeigt euch \u00fcbersichtlich alle teilnehmenden Standorte in der Region. Apotheke zum Hl. Nikolaus Mutters Hotel \u2013 Restaurant dasMEI**** Mutters Ness-Bau Nesimovic Senad Mutters<\/p>\n","protected":false},"author":2,"featured_media":0,"parent":0,"menu_order":0,"comment_status":"closed","ping_status":"closed","template":"elementor_header_footer","meta":{"_acf_changed":false,"footnotes":""},"class_list":["post-1044","page","type-page","status-publish","hentry"],"acf":[],"_links":{"self":[{"href":"https:\/\/regiotaler.at\/index.php\/wp-json\/wp\/v2\/pages\/1044","targetHints":{"allow":["GET"]}}],"collection":[{"href":"https:\/\/regiotaler.at\/index.php\/wp-json\/wp\/v2\/pages"}],"about":[{"href":"https:\/\/regiotaler.at\/index.php\/wp-json\/wp\/v2\/types\/page"}],"author":[{"embeddable":true,"href":"https:\/\/regiotaler.at\/index.php\/wp-json\/wp\/v2\/users\/2"}],"replies":[{"embeddable":true,"href":"https:\/\/regiotaler.at\/index.php\/wp-json\/wp\/v2\/comments?post=1044"}],"version-history":[{"count":7,"href":"https:\/\/regiotaler.at\/index.php\/wp-json\/wp\/v2\/pages\/1044\/revisions"}],"predecessor-version":[{"id":1071,"href":"https:\/\/regiotaler.at\/index.php\/wp-json\/wp\/v2\/pages\/1044\/revisions\/1071"}],"wp:attachment":[{"href":"https:\/\/regiotaler.at\/index.php\/wp-json\/wp\/v2\/media?parent=1044"}],"curies":[{"name":"wp","href":"https:\/\/api.w.org\/{rel}","templated":true}]}}